{"id":3,"date":"2019-10-16T14:41:58","date_gmt":"2019-10-16T11:41:58","guid":{"rendered":"https:\/\/sednove.fi\/?page_id=3"},"modified":"2023-09-25T14:27:26","modified_gmt":"2023-09-25T11:27:26","slug":"tietosuojaseloste","status":"publish","type":"page","link":"https:\/\/sednove.fi\/index.php\/tietosuojaseloste\/","title":{"rendered":"Tietosuojaseloste"},"content":{"rendered":"\t\t<div data-elementor-type=\"wp-page\" data-elementor-id=\"3\" class=\"elementor elementor-3\" data-elementor-post-type=\"page\">\n\t\t\t\t\t\t<section class=\"elementor-section elementor-top-section elementor-element elementor-element-f3f96f0 elementor-section-boxed elementor-section-height-default elementor-section-height-default\" data-id=\"f3f96f0\" data-element_type=\"section\" data-e-type=\"section\">\n\t\t\t\t\t\t<div class=\"elementor-container elementor-column-gap-default\">\n\t\t\t\t\t<div class=\"elementor-column elementor-col-100 elementor-top-column elementor-element elementor-element-3579612\" data-id=\"3579612\" data-element_type=\"column\" data-e-type=\"column\">\n\t\t\t<div class=\"elementor-widget-wrap elementor-element-populated\">\n\t\t\t\t\t\t<div class=\"elementor-element elementor-element-51652d2 elementor-widget elementor-widget-text-editor\" data-id=\"51652d2\" data-element_type=\"widget\" data-e-type=\"widget\" data-widget_type=\"text-editor.default\">\n\t\t\t\t<div class=\"elementor-widget-container\">\n\t\t\t\t\t\t\t\t\t<p><span style=\"font-family: helvetica;\">Tietosuojalain ja Euroopan Unionin yleisen tietosuoja-asetuksen (2016\/679\/EU) mukainen tietosuojaseloste, laadittu 17.4.2020. Muokattu 16.2.2022<\/span><\/p><p><span style=\"font-family: helvetica;\"><strong>Rekisterinpit\u00e4j\u00e4<\/strong><\/span><\/p><p><span style=\"font-family: helvetica;\">Sednove Oy\u00a0<\/span><\/p><p>Pajatie 69<\/p><p>48600 Kotka (Karhulan Teollisuuspuisto)<\/p><p><span style=\"font-family: helvetica;\"><strong>Rekisteriasioista vastaava henkil\u00f6<\/strong><\/span><\/p><p><span style=\"font-family: helvetica;\">Raimo Lappi<\/span><\/p><p><span style=\"font-family: helvetica;\">puhelin: 0440535123<\/span><\/p><p><span style=\"font-family: helvetica;\">sednove@sednove.fi<\/span><\/p><p><span style=\"font-family: helvetica;\"><strong>Rekisterin nimi<\/strong><\/span><\/p><p><span style=\"font-family: helvetica;\">Sednoven ja AkvaSolinan asiakas- ja markkinointirekisteri<\/span><\/p><h3>\u00a0<\/h3><p><strong><span style=\"font-family: helvetica;\">Henkil\u00f6tietojen k\u00e4sittelyn tarkoitus ja oikeusperusteet<\/span><\/strong><\/p><p><span style=\"font-family: helvetica;\">Ker\u00e4\u00e4mme henkil\u00f6tietoja asiakassuhteen hoitamista varten. Henkil\u00f6tietojen k\u00e4sittelyn perusteena on oikeutettu etu ja lakis\u00e4\u00e4teiset velvoitteet.<\/span><\/p><p><span style=\"font-family: helvetica;\">Ker\u00e4\u00e4mme tietoja my\u00f6s markkinointia varten. Henkil\u00f6tietojen k\u00e4sittelyn oikeusperusteena on suostumus.<\/span><\/p><p><span style=\"font-family: helvetica;\">Emme tee k\u00e4ytt\u00e4ji\u00e4 koskevia profilointeja ja automaattisia p\u00e4\u00e4t\u00f6ksi\u00e4.<\/span><\/p><p><span style=\"font-family: helvetica;\"><strong>Rekisterin tietosis\u00e4lt\u00f6<\/strong><\/span><\/p><p><span style=\"font-family: helvetica;\">Rekisteri voi pit\u00e4\u00e4 sis\u00e4ll\u00e4\u00e4n seuraavia tietoja rekister\u00f6idyist\u00e4:<\/span><\/p><ul><li><span style=\"font-family: helvetica;\">nimi<\/span><\/li><li><span style=\"font-family: helvetica;\">yhteystiedot (osoite, puhelinnumero, s\u00e4hk\u00f6posti)<\/span><\/li><li><span style=\"font-family: helvetica;\">yritys\/organisaatio<\/span><\/li><li><span style=\"font-family: helvetica;\">asema<\/span><\/li><li><span style=\"font-family: helvetica;\">muut suostumukseen perustuvat tiedot<\/span><\/li><\/ul><p><strong><span style=\"font-family: helvetica;\">S\u00e4\u00e4nn\u00f6nmukaiset tietol\u00e4hteet<\/span><\/strong><\/p><p><span style=\"font-family: helvetica;\">Rekisterin tietol\u00e4hteen\u00e4 voi olla rekister\u00f6idyn itse antamat tiedot, sopimukset ja julkiset rekisterit.<\/span><\/p><p><strong><span style=\"font-family: helvetica;\">Tietojen s\u00e4\u00e4nn\u00f6nmukaiset luovutukset<\/span><\/strong><\/p><p>Rekisterist\u00e4 luovutetaan tietoja vain rekister\u00f6idyn suostumuksella.<\/p><p><strong><span style=\"font-family: helvetica;\">Tietojen siirto EU:n tai Euroopan talousalueen ulkopuolelle<\/span><\/strong><\/p><p><span style=\"font-family: helvetica;\">Rekisterist\u00e4 tietoja siirret\u00e4\u00e4n EU:n tai ETA:n ulkopuolelle henkil\u00f6tietolain sallimissa rajoissa vain rekister\u00f6idyn nimenomaisella suostumuksella.<\/span><\/p><h3><span style=\"font-size: 12pt; font-family: helvetica;\">Rekisterin suojauksen periaatteet<\/span><\/h3><p><span style=\"font-family: helvetica;\">Rekisterin suojaus on toteutettu asianmukaisin hallinnollisin ja teknisin toimin. Rekisteriin tallennettuja tietoja k\u00e4sitell\u00e4\u00e4n luottamuksellisesti ja vain niiden henkil\u00f6iden toimesta joiden teht\u00e4v\u00e4\u00e4n k\u00e4sittely oleellisesti kuuluu.<\/span><\/p><h3><span style=\"font-family: helvetica;\">Henkil\u00f6tietojen s\u00e4ilytysaika<\/span><\/h3><p><span style=\"font-family: helvetica;\">S\u00e4ilyt\u00e4mme henkil\u00f6tietojasi ainoastaan niin kauan kun se on tarpeellista t\u00e4ss\u00e4 selosteessa kuvatun k\u00e4ytt\u00f6tarkoituksen kannalta.<\/span><\/p><p><span style=\"font-family: helvetica;\"><strong>Rekister\u00f6idyn oikeudet<\/strong><\/span><\/p><ul><li><span style=\"font-family: helvetica;\">oikeus tarkastaa itse\u00e4si koskevat henkil\u00f6tiedot<\/span><\/li><li><span style=\"font-family: helvetica;\">oikeus tietojen oikaisemiseen<\/span><\/li><li><span style=\"font-family: helvetica;\">oikeus k\u00e4sittelyn rajoittamiseen (voit esimerkiksi kielt\u00e4\u00e4 markkinoinnin)<\/span><\/li><li><span style=\"font-family: helvetica;\">oikeus vastustaa k\u00e4sittely\u00e4<\/span><\/li><li><span style=\"font-family: helvetica;\">oikeus peruuttaa suostumus (voit esimerkiksi peruuttaa suostumuksesi markkinointiin)<\/span><\/li><li><span style=\"font-family: helvetica;\">oikeus tehd\u00e4 valitus valvontaviranomaiselle.<\/span><\/li><\/ul><p><span style=\"font-family: helvetica;\">Huomioithan, ett\u00e4 sinulla on \u201doikeus tulla unohdetuksi\u201d vain, jos meill\u00e4 ei ole lakis\u00e4\u00e4teisi\u00e4 velvoitteita jatkaa henkil\u00f6tietojesi k\u00e4sittely\u00e4.<\/span><\/p><h3 class=\"wp-block-heading\">Ev\u00e4steiden k\u00e4ytt\u00f6<\/h3><p>K\u00e4yt\u00e4mme ev\u00e4steit\u00e4 (cookies), jotta voimme viesti\u00e4 paremmin ja kohdentaa sek\u00e4 kehitt\u00e4\u00e4 palvelujamme.<\/p><p>Ev\u00e4ste on verkkosivustolla k\u00e4vij\u00e4n p\u00e4\u00e4telaitteelle tallentuva tekstitiedosto. Ev\u00e4steen avulla verkkosivujen yll\u00e4pit\u00e4j\u00e4 voi tunnistaa k\u00e4vij\u00e4n, kun h\u00e4n seuraavan kerran vierailee sivustolla. K\u00e4vij\u00e4n tunnistus sis\u00e4lt\u00e4\u00e4 tietoja k\u00e4ytetyst\u00e4 p\u00e4\u00e4telaitteesta, tehdyist\u00e4 valinnoista ja selailluista sivuista. K\u00e4ytt\u00e4j\u00e4n henkil\u00f6llisyys ei k\u00e4y ilmi ev\u00e4steiden avulla.<\/p><p>Ev\u00e4steiden antaman tiedon perusteella voimme tarjota k\u00e4ytt\u00e4j\u00e4lle kohdennettua sis\u00e4lt\u00f6\u00e4 sek\u00e4 helpottaa sivujen k\u00e4ytt\u00f6\u00e4. Verkkosivujemme k\u00e4vij\u00e4tiedon analysointiin k\u00e4yt\u00e4mme my\u00f6s Google Analyticsia. Sen avulla voimme seurata sivujemme k\u00e4vij\u00e4m\u00e4\u00e4ri\u00e4. Voimme ker\u00e4t\u00e4 tietoa siit\u00e4, mill\u00e4 sivuilla olet vieraillut ja milloin, mit\u00e4 selainta k\u00e4yt\u00e4t ja mik\u00e4 on tietokoneesi IP-osoite.<\/p><p>Ev\u00e4steet eiv\u00e4t vahingoita p\u00e4\u00e4telaitetta tai tiedostoja. Selaimen asetukset voivat est\u00e4\u00e4 ev\u00e4steiden k\u00e4yt\u00f6n. Muuttamalla asetuksia ev\u00e4steet saa k\u00e4ytt\u00f6\u00f6n tai pois k\u00e4yt\u00f6st\u00e4. Jos est\u00e4t ev\u00e4steiden k\u00e4yt\u00f6n, niin otathan huomioon, ett\u00e4 se saattaa vaikuttaa verkkopalvelun toiminnallisuuteen.<\/p>\t\t\t\t\t\t\t\t<\/div>\n\t\t\t\t<\/div>\n\t\t\t\t\t<\/div>\n\t\t<\/div>\n\t\t\t\t\t<\/div>\n\t\t<\/section>\n\t\t\t\t<\/div>\n\t\t","protected":false},"excerpt":{"rendered":"<p>Tietosuojalain ja Euroopan Unionin yleisen tietosuoja-asetuksen (2016\/679\/EU) mukainen tietosuojaseloste, laadittu 17.4.2020. Muokattu 16.2.2022 Rekisterinpit\u00e4j\u00e4 Sednove Oy\u00a0 Pajatie 69 48600 Kotka (Karhulan Teollisuuspuisto) Rekisteriasioista vastaava henkil\u00f6 Raimo Lappi puhelin: 0440535123 sednove@sednove.fi Rekisterin nimi Sednoven ja AkvaSolinan asiakas- ja markkinointirekisteri \u00a0 Henkil\u00f6tietojen k\u00e4sittelyn tarkoitus ja oikeusperusteet Ker\u00e4\u00e4mme henkil\u00f6tietoja asiakassuhteen hoitamista varten. Henkil\u00f6tietojen k\u00e4sittelyn perusteena on oikeutettu etu &#8230; <a title=\"Tietosuojaseloste\" class=\"read-more\" href=\"https:\/\/sednove.fi\/index.php\/tietosuojaseloste\/\" aria-label=\"Lue lis\u00e4\u00e4 aiheesta Tietosuojaseloste\">Lue lis\u00e4\u00e4<\/a><\/p>\n","protected":false},"author":1,"featured_media":0,"parent":0,"menu_order":0,"comment_status":"closed","ping_status":"open","template":"","meta":{"footnotes":""},"class_list":["post-3","page","type-page","status-publish"],"yoast_head":"<!-- This site is optimized with the Yoast SEO plugin v27.3 - https:\/\/yoast.com\/product\/yoast-seo-wordpress\/ -->\n<title>Tietosuojaseloste - Sednove Oy<\/title>\n<meta name=\"description\" content=\"Tietosuojalain ja Euroopan Unionin yleisen tietosuoja-asetuksenmukainen tietosuojaseloste, Rekisterinpit\u00e4j\u00e4: Sednove Oy\" \/>\n<meta name=\"robots\" content=\"index, follow, max-snippet:-1, max-image-preview:large, max-video-preview:-1\" \/>\n<link rel=\"canonical\" href=\"https:\/\/sednove.fi\/index.php\/tietosuojaseloste\/\" \/>\n<meta property=\"og:locale\" content=\"fi_FI\" \/>\n<meta property=\"og:type\" content=\"article\" \/>\n<meta property=\"og:title\" content=\"Tietosuojaseloste - Sednove Oy\" \/>\n<meta property=\"og:description\" content=\"Tietosuojalain ja Euroopan Unionin yleisen tietosuoja-asetuksenmukainen tietosuojaseloste, Rekisterinpit\u00e4j\u00e4: Sednove Oy\" \/>\n<meta property=\"og:url\" content=\"https:\/\/sednove.fi\/index.php\/tietosuojaseloste\/\" \/>\n<meta property=\"og:site_name\" content=\"Sednove Oy\" \/>\n<meta property=\"article:modified_time\" content=\"2023-09-25T11:27:26+00:00\" \/>\n<meta name=\"twitter:card\" content=\"summary_large_image\" \/>\n<meta name=\"twitter:label1\" content=\"Arvioitu lukuaika\" \/>\n\t<meta name=\"twitter:data1\" content=\"3 minuuttia\" \/>\n<script type=\"application\/ld+json\" class=\"yoast-schema-graph\">{\"@context\":\"https:\\\/\\\/schema.org\",\"@graph\":[{\"@type\":\"WebPage\",\"@id\":\"https:\\\/\\\/sednove.fi\\\/index.php\\\/tietosuojaseloste\\\/\",\"url\":\"https:\\\/\\\/sednove.fi\\\/index.php\\\/tietosuojaseloste\\\/\",\"name\":\"Tietosuojaseloste - Sednove Oy\",\"isPartOf\":{\"@id\":\"https:\\\/\\\/sednove.fi\\\/#website\"},\"datePublished\":\"2019-10-16T11:41:58+00:00\",\"dateModified\":\"2023-09-25T11:27:26+00:00\",\"description\":\"Tietosuojalain ja Euroopan Unionin yleisen tietosuoja-asetuksenmukainen tietosuojaseloste, Rekisterinpit\u00e4j\u00e4: Sednove Oy\",\"breadcrumb\":{\"@id\":\"https:\\\/\\\/sednove.fi\\\/index.php\\\/tietosuojaseloste\\\/#breadcrumb\"},\"inLanguage\":\"fi\",\"potentialAction\":[{\"@type\":\"ReadAction\",\"target\":[\"https:\\\/\\\/sednove.fi\\\/index.php\\\/tietosuojaseloste\\\/\"]}]},{\"@type\":\"BreadcrumbList\",\"@id\":\"https:\\\/\\\/sednove.fi\\\/index.php\\\/tietosuojaseloste\\\/#breadcrumb\",\"itemListElement\":[{\"@type\":\"ListItem\",\"position\":1,\"name\":\"Home\",\"item\":\"https:\\\/\\\/sednove.fi\\\/\"},{\"@type\":\"ListItem\",\"position\":2,\"name\":\"Tietosuojaseloste\"}]},{\"@type\":\"WebSite\",\"@id\":\"https:\\\/\\\/sednove.fi\\\/#website\",\"url\":\"https:\\\/\\\/sednove.fi\\\/\",\"name\":\"Sednove Oy\",\"description\":\"Teknisen alan palvelut\",\"publisher\":{\"@id\":\"https:\\\/\\\/sednove.fi\\\/#organization\"},\"potentialAction\":[{\"@type\":\"SearchAction\",\"target\":{\"@type\":\"EntryPoint\",\"urlTemplate\":\"https:\\\/\\\/sednove.fi\\\/?s={search_term_string}\"},\"query-input\":{\"@type\":\"PropertyValueSpecification\",\"valueRequired\":true,\"valueName\":\"search_term_string\"}}],\"inLanguage\":\"fi\"},{\"@type\":\"Organization\",\"@id\":\"https:\\\/\\\/sednove.fi\\\/#organization\",\"name\":\"Sednove Oy\",\"url\":\"https:\\\/\\\/sednove.fi\\\/\",\"logo\":{\"@type\":\"ImageObject\",\"inLanguage\":\"fi\",\"@id\":\"https:\\\/\\\/sednove.fi\\\/#\\\/schema\\\/logo\\\/image\\\/\",\"url\":\"https:\\\/\\\/sednove.fi\\\/wp-content\\\/uploads\\\/2020\\\/03\\\/Sednove-1.png\",\"contentUrl\":\"https:\\\/\\\/sednove.fi\\\/wp-content\\\/uploads\\\/2020\\\/03\\\/Sednove-1.png\",\"width\":618,\"height\":439,\"caption\":\"Sednove Oy\"},\"image\":{\"@id\":\"https:\\\/\\\/sednove.fi\\\/#\\\/schema\\\/logo\\\/image\\\/\"}}]}<\/script>\n<!-- \/ Yoast SEO plugin. -->","yoast_head_json":{"title":"Tietosuojaseloste - Sednove Oy","description":"Tietosuojalain ja Euroopan Unionin yleisen tietosuoja-asetuksenmukainen tietosuojaseloste, Rekisterinpit\u00e4j\u00e4: Sednove Oy","robots":{"index":"index","follow":"follow","max-snippet":"max-snippet:-1","max-image-preview":"max-image-preview:large","max-video-preview":"max-video-preview:-1"},"canonical":"https:\/\/sednove.fi\/index.php\/tietosuojaseloste\/","og_locale":"fi_FI","og_type":"article","og_title":"Tietosuojaseloste - Sednove Oy","og_description":"Tietosuojalain ja Euroopan Unionin yleisen tietosuoja-asetuksenmukainen tietosuojaseloste, Rekisterinpit\u00e4j\u00e4: Sednove Oy","og_url":"https:\/\/sednove.fi\/index.php\/tietosuojaseloste\/","og_site_name":"Sednove Oy","article_modified_time":"2023-09-25T11:27:26+00:00","twitter_card":"summary_large_image","twitter_misc":{"Arvioitu lukuaika":"3 minuuttia"},"schema":{"@context":"https:\/\/schema.org","@graph":[{"@type":"WebPage","@id":"https:\/\/sednove.fi\/index.php\/tietosuojaseloste\/","url":"https:\/\/sednove.fi\/index.php\/tietosuojaseloste\/","name":"Tietosuojaseloste - Sednove Oy","isPartOf":{"@id":"https:\/\/sednove.fi\/#website"},"datePublished":"2019-10-16T11:41:58+00:00","dateModified":"2023-09-25T11:27:26+00:00","description":"Tietosuojalain ja Euroopan Unionin yleisen tietosuoja-asetuksenmukainen tietosuojaseloste, Rekisterinpit\u00e4j\u00e4: Sednove Oy","breadcrumb":{"@id":"https:\/\/sednove.fi\/index.php\/tietosuojaseloste\/#breadcrumb"},"inLanguage":"fi","potentialAction":[{"@type":"ReadAction","target":["https:\/\/sednove.fi\/index.php\/tietosuojaseloste\/"]}]},{"@type":"BreadcrumbList","@id":"https:\/\/sednove.fi\/index.php\/tietosuojaseloste\/#breadcrumb","itemListElement":[{"@type":"ListItem","position":1,"name":"Home","item":"https:\/\/sednove.fi\/"},{"@type":"ListItem","position":2,"name":"Tietosuojaseloste"}]},{"@type":"WebSite","@id":"https:\/\/sednove.fi\/#website","url":"https:\/\/sednove.fi\/","name":"Sednove Oy","description":"Teknisen alan palvelut","publisher":{"@id":"https:\/\/sednove.fi\/#organization"},"potentialAction":[{"@type":"SearchAction","target":{"@type":"EntryPoint","urlTemplate":"https:\/\/sednove.fi\/?s={search_term_string}"},"query-input":{"@type":"PropertyValueSpecification","valueRequired":true,"valueName":"search_term_string"}}],"inLanguage":"fi"},{"@type":"Organization","@id":"https:\/\/sednove.fi\/#organization","name":"Sednove Oy","url":"https:\/\/sednove.fi\/","logo":{"@type":"ImageObject","inLanguage":"fi","@id":"https:\/\/sednove.fi\/#\/schema\/logo\/image\/","url":"https:\/\/sednove.fi\/wp-content\/uploads\/2020\/03\/Sednove-1.png","contentUrl":"https:\/\/sednove.fi\/wp-content\/uploads\/2020\/03\/Sednove-1.png","width":618,"height":439,"caption":"Sednove Oy"},"image":{"@id":"https:\/\/sednove.fi\/#\/schema\/logo\/image\/"}}]}},"_links":{"self":[{"href":"https:\/\/sednove.fi\/index.php\/wp-json\/wp\/v2\/pages\/3","targetHints":{"allow":["GET"]}}],"collection":[{"href":"https:\/\/sednove.fi\/index.php\/wp-json\/wp\/v2\/pages"}],"about":[{"href":"https:\/\/sednove.fi\/index.php\/wp-json\/wp\/v2\/types\/page"}],"author":[{"embeddable":true,"href":"https:\/\/sednove.fi\/index.php\/wp-json\/wp\/v2\/users\/1"}],"replies":[{"embeddable":true,"href":"https:\/\/sednove.fi\/index.php\/wp-json\/wp\/v2\/comments?post=3"}],"version-history":[{"count":22,"href":"https:\/\/sednove.fi\/index.php\/wp-json\/wp\/v2\/pages\/3\/revisions"}],"predecessor-version":[{"id":1351,"href":"https:\/\/sednove.fi\/index.php\/wp-json\/wp\/v2\/pages\/3\/revisions\/1351"}],"wp:attachment":[{"href":"https:\/\/sednove.fi\/index.php\/wp-json\/wp\/v2\/media?parent=3"}],"curies":[{"name":"wp","href":"https:\/\/api.w.org\/{rel}","templated":true}]}}