{"id":40,"date":"2020-03-09T15:00:54","date_gmt":"2020-03-09T13:00:54","guid":{"rendered":"https:\/\/sednove.fi\/?page_id=40"},"modified":"2025-09-18T16:55:35","modified_gmt":"2025-09-18T13:55:35","slug":"referenssit","status":"publish","type":"page","link":"https:\/\/sednove.fi\/index.php\/referenssit\/","title":{"rendered":"Referenssit"},"content":{"rendered":"\t\t<div data-elementor-type=\"wp-page\" data-elementor-id=\"40\" class=\"elementor elementor-40\" data-elementor-post-type=\"page\">\n\t\t\t\t\t\t<section class=\"elementor-section elementor-top-section elementor-element elementor-element-11a6c303 elementor-section-boxed elementor-section-height-default elementor-section-height-default\" data-id=\"11a6c303\" data-element_type=\"section\" data-e-type=\"section\">\n\t\t\t\t\t\t<div class=\"elementor-container elementor-column-gap-default\">\n\t\t\t\t\t<div class=\"elementor-column elementor-col-100 elementor-top-column elementor-element elementor-element-9f497b8\" data-id=\"9f497b8\" data-element_type=\"column\" data-e-type=\"column\">\n\t\t\t<div class=\"elementor-widget-wrap elementor-element-populated\">\n\t\t\t\t\t\t<div class=\"elementor-element elementor-element-298c290 elementor-widget elementor-widget-heading\" data-id=\"298c290\" data-element_type=\"widget\" data-e-type=\"widget\" data-widget_type=\"heading.default\">\n\t\t\t\t<div class=\"elementor-widget-container\">\n\t\t\t\t\t<h1 class=\"elementor-heading-title elementor-size-default\">Referenssit<\/h1>\t\t\t\t<\/div>\n\t\t\t\t<\/div>\n\t\t\t\t<div class=\"elementor-element elementor-element-6233221e elementor-widget elementor-widget-text-editor\" data-id=\"6233221e\" data-element_type=\"widget\" data-e-type=\"widget\" data-widget_type=\"text-editor.default\">\n\t\t\t\t<div class=\"elementor-widget-container\">\n\t\t\t\t\t\t\t\t\t<p><span style=\"font-weight: 400;\">Sednoven osaaminen syntyy kokeneista ja palveluhenkisist\u00e4 ihmisist\u00e4 <\/span><span style=\"font-weight: 400;\">sek\u00e4 pitk\u00e4aikaisesta toiminnasta teollisuusymp\u00e4rist\u00f6ss\u00e4.\u00a0<\/span><\/p><p><span style=\"font-weight: 400;\">Lis\u00e4ksi monipuolinen yhteisty\u00f6 innovatiivisten yritysten ja eri <\/span><span style=\"font-weight: 400;\">asiantuntijoiden kanssa laajentavat tarjottavien palveluiden <\/span><span style=\"font-weight: 400;\">kattavuutta.<\/span><\/p><p>Sednoven ejektorikennoja on hy\u00f6dynnetty muun muassa vesiviljelyratkaisuissa ja tutkimuslaitosten projekteissa. Teknologia on her\u00e4tt\u00e4nyt kiinnostusta my\u00f6s energia- ja cleantech-yritysten keskuudessa.<\/p><p>Olemme mm. toimittaneet ejektorikennostoja mm. Teknologian tutkimuskeskus VTT:n hankkeeseen, joka t\u00e4ht\u00e4\u00e4 raaka\u00f6ljyn k\u00e4yt\u00f6n v\u00e4hent\u00e4miseen ja s\u00e4hk\u00f6polttoaineiden valmistuksen kaupallistamiseen<br \/>sek\u00e4 hiilidioksidin talteenottoon.<\/p><p><span style=\"font-weight: 400;\">Sednove Vesivahti kuluttajatuotteet ovat 2000-luvun alusta saakka olleet ratkaisuja putkien j\u00e4\u00e4tymisongelmin sek\u00e4 <\/span><span style=\"font-weight: 400;\">kaivoveden ilmastukseen. Nyt t\u00e4m\u00e4 tuotesarja on siirtynyt AkvaSolina-tuotenimen alle.<\/span><\/p>\t\t\t\t\t\t\t\t<\/div>\n\t\t\t\t<\/div>\n\t\t\t\t\t<\/div>\n\t\t<\/div>\n\t\t\t\t\t<\/div>\n\t\t<\/section>\n\t\t\t\t<section class=\"elementor-section elementor-top-section elementor-element elementor-element-ec1b1a3 elementor-section-stretched elementor-section-boxed elementor-section-height-default elementor-section-height-default\" data-id=\"ec1b1a3\" data-element_type=\"section\" data-e-type=\"section\" data-settings=\"{&quot;stretch_section&quot;:&quot;section-stretched&quot;}\">\n\t\t\t\t\t\t<div class=\"elementor-container elementor-column-gap-default\">\n\t\t\t\t\t<div class=\"elementor-column elementor-col-100 elementor-top-column elementor-element elementor-element-95693cc\" data-id=\"95693cc\" data-element_type=\"column\" data-e-type=\"column\">\n\t\t\t<div class=\"elementor-widget-wrap elementor-element-populated\">\n\t\t\t\t\t\t<section class=\"elementor-section elementor-inner-section elementor-element elementor-element-c049837 elementor-section-full_width elementor-section-height-default elementor-section-height-default\" data-id=\"c049837\" data-element_type=\"section\" data-e-type=\"section\">\n\t\t\t\t\t\t<div class=\"elementor-container elementor-column-gap-default\">\n\t\t\t\t\t<div class=\"elementor-column elementor-col-50 elementor-inner-column elementor-element elementor-element-ac1b380\" data-id=\"ac1b380\" data-element_type=\"column\" data-e-type=\"column\">\n\t\t\t<div class=\"elementor-widget-wrap elementor-element-populated\">\n\t\t\t\t\t\t<div class=\"elementor-element elementor-element-abafc5d elementor-widget elementor-widget-heading\" data-id=\"abafc5d\" data-element_type=\"widget\" data-e-type=\"widget\" data-widget_type=\"heading.default\">\n\t\t\t\t<div class=\"elementor-widget-container\">\n\t\t\t\t\t<h3 class=\"elementor-heading-title elementor-size-default\">Fysikaalisen kemian referenssit<\/h3>\t\t\t\t<\/div>\n\t\t\t\t<\/div>\n\t\t\t\t<div class=\"elementor-element elementor-element-5490d25 elementor-widget elementor-widget-html\" data-id=\"5490d25\" data-element_type=\"widget\" data-e-type=\"widget\" data-widget_type=\"html.default\">\n\t\t\t\t<div class=\"elementor-widget-container\">\n\t\t\t\t\t<iframe width=\"560\" height=\"315\" src=\"https:\/\/www.youtube.com\/embed\/a8CNN5CJSiA?si=dEsT_ObeLpS8ZD5h\" title=\"YouTube video player\" frameborder=\"0\" allow=\"accelerometer; autoplay; clipboard-write; encrypted-media; gyroscope; picture-in-picture; web-share\" referrerpolicy=\"strict-origin-when-cross-origin\" allowfullscreen><\/iframe>\t\t\t\t<\/div>\n\t\t\t\t<\/div>\n\t\t\t\t<div class=\"elementor-element elementor-element-353f579 elementor-position-top elementor-widget elementor-widget-image-box\" data-id=\"353f579\" data-element_type=\"widget\" data-e-type=\"widget\" data-widget_type=\"image-box.default\">\n\t\t\t\t<div class=\"elementor-widget-container\">\n\t\t\t\t\t<div class=\"elementor-image-box-wrapper\"><figure class=\"elementor-image-box-img\"><a href=\"http:\/\/www.elokuu-luonnontuote.fi\/index2.php?lang=fin&#038;page=Tuotanto\" tabindex=\"-1\"><img fetchpriority=\"high\" decoding=\"async\" width=\"800\" height=\"446\" src=\"https:\/\/sednove.fi\/wp-content\/uploads\/2020\/08\/Automaatio-7_opt.jpg\" class=\"attachment-full size-full wp-image-328\" alt=\"referenssi Sednove automaatiotoimintojen suunnittelu\" srcset=\"https:\/\/sednove.fi\/wp-content\/uploads\/2020\/08\/Automaatio-7_opt.jpg 800w, https:\/\/sednove.fi\/wp-content\/uploads\/2020\/08\/Automaatio-7_opt-300x167.jpg 300w, https:\/\/sednove.fi\/wp-content\/uploads\/2020\/08\/Automaatio-7_opt-768x428.jpg 768w\" sizes=\"(max-width: 800px) 100vw, 800px\" \/><\/a><\/figure><div class=\"elementor-image-box-content\"><h3 class=\"elementor-image-box-title\"><a href=\"http:\/\/www.elokuu-luonnontuote.fi\/index2.php?lang=fin&#038;page=Tuotanto\">Pakkausteollisuus: Elokuu-LT Oy<\/a><\/h3><p class=\"elementor-image-box-description\">Automaatiotoimintojen suunnittelu ja toteutus, tuotantokoneiden huoltopalvelut, tuotantokoneiden lis\u00e4toimintojen toteutus sek\u00e4 huoltopalvelut (linkki)<\/p><\/div><\/div>\t\t\t\t<\/div>\n\t\t\t\t<\/div>\n\t\t\t\t<div class=\"elementor-element elementor-element-6fef8d0 elementor-position-top elementor-widget elementor-widget-image-box\" data-id=\"6fef8d0\" data-element_type=\"widget\" data-e-type=\"widget\" data-widget_type=\"image-box.default\">\n\t\t\t\t<div class=\"elementor-widget-container\">\n\t\t\t\t\t<div class=\"elementor-image-box-wrapper\"><figure class=\"elementor-image-box-img\"><a href=\"https:\/\/sednove.fi\/index.php\/2025\/05\/30\/luonnonmukainen-kaivoveden-ilmastusratkaisu-vaihtoi-omistajaa\/\" tabindex=\"-1\"><img decoding=\"async\" width=\"450\" height=\"154\" src=\"https:\/\/sednove.fi\/wp-content\/uploads\/2020\/07\/AkvaSolina.jpg\" class=\"attachment-full size-full wp-image-263\" alt=\"referenssi kuluttajatuotteet\" srcset=\"https:\/\/sednove.fi\/wp-content\/uploads\/2020\/07\/AkvaSolina.jpg 450w, https:\/\/sednove.fi\/wp-content\/uploads\/2020\/07\/AkvaSolina-300x103.jpg 300w\" sizes=\"(max-width: 450px) 100vw, 450px\" \/><\/a><\/figure><div class=\"elementor-image-box-content\"><h3 class=\"elementor-image-box-title\"><a href=\"https:\/\/sednove.fi\/index.php\/2025\/05\/30\/luonnonmukainen-kaivoveden-ilmastusratkaisu-vaihtoi-omistajaa\/\">Vedenk\u00e4sittely-laitteistot kuluttajatuotteina on vaihtanut omistajaa 12.5.2025 Jalovesi Oy:lle<\/a><\/h3><p class=\"elementor-image-box-description\">AkvaSolinan luonnonmukaiset ja kemikaalittomat ratkaisut vedenk\u00e4sittelyyn, ratkaisut niin m\u00f6kkikaivojen ilmastukseen kuin teollisen tason vedenk\u00e4sittelyynkin. \n<\/p><\/div><\/div>\t\t\t\t<\/div>\n\t\t\t\t<\/div>\n\t\t\t\t<div class=\"elementor-element elementor-element-8bedc63 elementor-widget elementor-widget-button\" data-id=\"8bedc63\" data-element_type=\"widget\" data-e-type=\"widget\" data-widget_type=\"button.default\">\n\t\t\t\t<div class=\"elementor-widget-container\">\n\t\t\t\t\t\t\t\t\t<div class=\"elementor-button-wrapper\">\n\t\t\t\t\t<a class=\"elementor-button elementor-button-link elementor-size-sm\" href=\"https:\/\/sednove.fi\/index.php\/2025\/05\/30\/luonnonmukainen-kaivoveden-ilmastusratkaisu-vaihtoi-omistajaa\/\">\n\t\t\t\t\t\t<span class=\"elementor-button-content-wrapper\">\n\t\t\t\t\t\t\t\t\t<span class=\"elementor-button-text\">Lue lis\u00e4\u00e4 omistajavaihdoksesta<\/span>\n\t\t\t\t\t<\/span>\n\t\t\t\t\t<\/a>\n\t\t\t\t<\/div>\n\t\t\t\t\t\t\t\t<\/div>\n\t\t\t\t<\/div>\n\t\t\t\t\t<\/div>\n\t\t<\/div>\n\t\t\t\t<div class=\"elementor-column elementor-col-50 elementor-inner-column elementor-element elementor-element-6ce7927\" data-id=\"6ce7927\" data-element_type=\"column\" data-e-type=\"column\">\n\t\t\t<div class=\"elementor-widget-wrap elementor-element-populated\">\n\t\t\t\t\t\t<div class=\"elementor-element elementor-element-7307371 elementor-widget elementor-widget-heading\" data-id=\"7307371\" data-element_type=\"widget\" data-e-type=\"widget\" data-widget_type=\"heading.default\">\n\t\t\t\t<div class=\"elementor-widget-container\">\n\t\t\t\t\t<h3 class=\"elementor-heading-title elementor-size-default\">Automaatiopuolen referenssit<\/h3>\t\t\t\t<\/div>\n\t\t\t\t<\/div>\n\t\t\t\t<div class=\"elementor-element elementor-element-b223dce elementor-position-top elementor-widget elementor-widget-image-box\" data-id=\"b223dce\" data-element_type=\"widget\" data-e-type=\"widget\" data-widget_type=\"image-box.default\">\n\t\t\t\t<div class=\"elementor-widget-container\">\n\t\t\t\t\t<div class=\"elementor-image-box-wrapper\"><figure class=\"elementor-image-box-img\"><a href=\"https:\/\/www.fortum.com\/energy-production\/nuclear-power\/plants\/loviisa\" tabindex=\"-1\"><img decoding=\"async\" width=\"2560\" height=\"1230\" src=\"https:\/\/sednove.fi\/wp-content\/uploads\/2020\/07\/fortum_logo_CMYK-scaled.jpg\" class=\"attachment-full size-full wp-image-261\" alt=\"Fortum referenssi Sednove Oy\" srcset=\"https:\/\/sednove.fi\/wp-content\/uploads\/2020\/07\/fortum_logo_CMYK-scaled.jpg 2560w, https:\/\/sednove.fi\/wp-content\/uploads\/2020\/07\/fortum_logo_CMYK-300x144.jpg 300w, https:\/\/sednove.fi\/wp-content\/uploads\/2020\/07\/fortum_logo_CMYK-1024x492.jpg 1024w, https:\/\/sednove.fi\/wp-content\/uploads\/2020\/07\/fortum_logo_CMYK-768x369.jpg 768w, https:\/\/sednove.fi\/wp-content\/uploads\/2020\/07\/fortum_logo_CMYK-1536x738.jpg 1536w, https:\/\/sednove.fi\/wp-content\/uploads\/2020\/07\/fortum_logo_CMYK-2048x984.jpg 2048w\" sizes=\"(max-width: 2560px) 100vw, 2560px\" \/><\/a><\/figure><div class=\"elementor-image-box-content\"><h3 class=\"elementor-image-box-title\"><a href=\"https:\/\/www.fortum.com\/energy-production\/nuclear-power\/plants\/loviisa\">Fortum Loviisan voimalaitos<\/a><\/h3><p class=\"elementor-image-box-description\">Ydinpolttoaineen lataus- ja siirtokoneiden valvonta-automatiikka: suunnittelu ja toteutus.<\/p><\/div><\/div>\t\t\t\t<\/div>\n\t\t\t\t<\/div>\n\t\t\t\t<div class=\"elementor-element elementor-element-008b1db elementor-position-top elementor-widget elementor-widget-image-box\" data-id=\"008b1db\" data-element_type=\"widget\" data-e-type=\"widget\" data-widget_type=\"image-box.default\">\n\t\t\t\t<div class=\"elementor-widget-container\">\n\t\t\t\t\t<div class=\"elementor-image-box-wrapper\"><figure class=\"elementor-image-box-img\"><img loading=\"lazy\" decoding=\"async\" width=\"1999\" height=\"1344\" src=\"https:\/\/sednove.fi\/wp-content\/uploads\/2020\/07\/VTT_Logo_OnWhite_OrangeBlue_RGB_hires.jpg\" class=\"attachment-full size-full wp-image-256\" alt=\"Sednove referenssi VTT\" srcset=\"https:\/\/sednove.fi\/wp-content\/uploads\/2020\/07\/VTT_Logo_OnWhite_OrangeBlue_RGB_hires.jpg 1999w, https:\/\/sednove.fi\/wp-content\/uploads\/2020\/07\/VTT_Logo_OnWhite_OrangeBlue_RGB_hires-300x202.jpg 300w, https:\/\/sednove.fi\/wp-content\/uploads\/2020\/07\/VTT_Logo_OnWhite_OrangeBlue_RGB_hires-1024x688.jpg 1024w, https:\/\/sednove.fi\/wp-content\/uploads\/2020\/07\/VTT_Logo_OnWhite_OrangeBlue_RGB_hires-768x516.jpg 768w, https:\/\/sednove.fi\/wp-content\/uploads\/2020\/07\/VTT_Logo_OnWhite_OrangeBlue_RGB_hires-1536x1033.jpg 1536w\" sizes=\"(max-width: 1999px) 100vw, 1999px\" \/><\/figure><div class=\"elementor-image-box-content\"><h3 class=\"elementor-image-box-title\">Teknologian tutkimuskeskus VTT Oy <\/h3><p class=\"elementor-image-box-description\">Ejektorikennostot biopolttoaineiden valmistusprosessissa<\/p><\/div><\/div>\t\t\t\t<\/div>\n\t\t\t\t<\/div>\n\t\t\t\t\t<\/div>\n\t\t<\/div>\n\t\t\t\t\t<\/div>\n\t\t<\/section>\n\t\t\t\t\t<\/div>\n\t\t<\/div>\n\t\t\t\t\t<\/div>\n\t\t<\/section>\n\t\t\t\t<section class=\"elementor-section elementor-top-section elementor-element elementor-element-0be2c01 elementor-section-full_width elementor-section-stretched elementor-section-height-default elementor-section-height-default\" data-id=\"0be2c01\" data-element_type=\"section\" data-e-type=\"section\" data-settings=\"{&quot;stretch_section&quot;:&quot;section-stretched&quot;,&quot;background_background&quot;:&quot;classic&quot;}\">\n\t\t\t\t\t\t<div class=\"elementor-container elementor-column-gap-default\">\n\t\t\t\t\t<div class=\"elementor-column elementor-col-100 elementor-top-column elementor-element elementor-element-7272e39\" data-id=\"7272e39\" data-element_type=\"column\" data-e-type=\"column\">\n\t\t\t<div class=\"elementor-widget-wrap elementor-element-populated\">\n\t\t\t\t\t\t<section class=\"elementor-section elementor-inner-section elementor-element elementor-element-3283445 elementor-section-boxed elementor-section-height-default elementor-section-height-default\" data-id=\"3283445\" data-element_type=\"section\" data-e-type=\"section\">\n\t\t\t\t\t\t<div class=\"elementor-container elementor-column-gap-default\">\n\t\t\t\t\t<div class=\"elementor-column elementor-col-50 elementor-inner-column elementor-element elementor-element-85d69f5\" data-id=\"85d69f5\" data-element_type=\"column\" data-e-type=\"column\">\n\t\t\t<div class=\"elementor-widget-wrap elementor-element-populated\">\n\t\t\t\t\t\t<div class=\"elementor-element elementor-element-c32009c elementor-widget elementor-widget-text-editor\" data-id=\"c32009c\" data-element_type=\"widget\" data-e-type=\"widget\" data-widget_type=\"text-editor.default\">\n\t\t\t\t<div class=\"elementor-widget-container\">\n\t\t\t\t\t\t\t\t\t<p>Lue Sednoven historiaa 30 vuoden takaa: esitteess\u00e4 ydinpolttoaineen siirto-\/latauskoneen ajovalvontalaitteisto. Esite on englannin kielell\u00e4.<\/p>\t\t\t\t\t\t\t\t<\/div>\n\t\t\t\t<\/div>\n\t\t\t\t\t<\/div>\n\t\t<\/div>\n\t\t\t\t<div class=\"elementor-column elementor-col-50 elementor-inner-column elementor-element elementor-element-493f23f\" data-id=\"493f23f\" data-element_type=\"column\" data-e-type=\"column\">\n\t\t\t<div class=\"elementor-widget-wrap elementor-element-populated\">\n\t\t\t\t\t\t<div class=\"elementor-element elementor-element-9a73311 elementor-align-center elementor-widget elementor-widget-button\" data-id=\"9a73311\" data-element_type=\"widget\" data-e-type=\"widget\" data-widget_type=\"button.default\">\n\t\t\t\t<div class=\"elementor-widget-container\">\n\t\t\t\t\t\t\t\t\t<div class=\"elementor-button-wrapper\">\n\t\t\t\t\t<a class=\"elementor-button elementor-button-link elementor-size-lg\" href=\"https:\/\/sednove.fi\/wp-content\/uploads\/2020\/07\/Sednove-CoD.pdf\">\n\t\t\t\t\t\t<span class=\"elementor-button-content-wrapper\">\n\t\t\t\t\t\t\t\t\t<span class=\"elementor-button-text\">Katso esite<\/span>\n\t\t\t\t\t<\/span>\n\t\t\t\t\t<\/a>\n\t\t\t\t<\/div>\n\t\t\t\t\t\t\t\t<\/div>\n\t\t\t\t<\/div>\n\t\t\t\t\t<\/div>\n\t\t<\/div>\n\t\t\t\t\t<\/div>\n\t\t<\/section>\n\t\t\t\t\t<\/div>\n\t\t<\/div>\n\t\t\t\t\t<\/div>\n\t\t<\/section>\n\t\t\t\t<\/div>\n\t\t","protected":false},"excerpt":{"rendered":"<p>Referenssit Sednoven osaaminen syntyy kokeneista ja palveluhenkisist\u00e4 ihmisist\u00e4 sek\u00e4 pitk\u00e4aikaisesta toiminnasta teollisuusymp\u00e4rist\u00f6ss\u00e4.\u00a0 Lis\u00e4ksi monipuolinen yhteisty\u00f6 innovatiivisten yritysten ja eri asiantuntijoiden kanssa laajentavat tarjottavien palveluiden kattavuutta. Sednoven ejektorikennoja on hy\u00f6dynnetty muun muassa vesiviljelyratkaisuissa ja tutkimuslaitosten projekteissa. Teknologia on her\u00e4tt\u00e4nyt kiinnostusta my\u00f6s energia- ja cleantech-yritysten keskuudessa. Olemme mm. toimittaneet ejektorikennostoja mm. Teknologian tutkimuskeskus VTT:n hankkeeseen, joka t\u00e4ht\u00e4\u00e4 &#8230; <a title=\"Referenssit\" class=\"read-more\" href=\"https:\/\/sednove.fi\/index.php\/referenssit\/\" aria-label=\"Lue lis\u00e4\u00e4 aiheesta Referenssit\">Lue lis\u00e4\u00e4<\/a><\/p>\n","protected":false},"author":1,"featured_media":0,"parent":0,"menu_order":0,"comment_status":"closed","ping_status":"closed","template":"","meta":{"footnotes":""},"class_list":["post-40","page","type-page","status-publish"],"yoast_head":"<!-- This site is optimized with the Yoast SEO plugin v27.3 - https:\/\/yoast.com\/product\/yoast-seo-wordpress\/ -->\n<title>Referenssit - Sednove Oy | Ejektorikenno ja prosessiratkaisut teollisuudelle<\/title>\n<meta name=\"description\" content=\"Sednoven referenssit sis\u00e4lt\u00e4v\u00e4t linkkej\u00e4 automaatiopuolelle ja fysikaaliseen kemiaan. Vesivahti kuluttaja-asiakkaille on nyt AkvaSolina.\" \/>\n<meta name=\"robots\" content=\"index, follow, max-snippet:-1, max-image-preview:large, max-video-preview:-1\" \/>\n<link rel=\"canonical\" href=\"https:\/\/sednove.fi\/index.php\/referenssit\/\" \/>\n<meta property=\"og:locale\" content=\"fi_FI\" \/>\n<meta property=\"og:type\" content=\"article\" \/>\n<meta property=\"og:title\" content=\"Referenssit - Sednove Oy | Ejektorikenno ja prosessiratkaisut teollisuudelle\" \/>\n<meta property=\"og:description\" content=\"Sednoven referenssit sis\u00e4lt\u00e4v\u00e4t linkkej\u00e4 automaatiopuolelle ja fysikaaliseen kemiaan. Vesivahti kuluttaja-asiakkaille on nyt AkvaSolina.\" \/>\n<meta property=\"og:url\" content=\"https:\/\/sednove.fi\/index.php\/referenssit\/\" \/>\n<meta property=\"og:site_name\" content=\"Sednove Oy\" \/>\n<meta property=\"article:modified_time\" content=\"2025-09-18T13:55:35+00:00\" \/>\n<meta property=\"og:image\" content=\"https:\/\/sednove.fi\/wp-content\/uploads\/2020\/08\/Automaatio-7_opt.jpg\" \/>\n<meta name=\"twitter:card\" content=\"summary_large_image\" \/>\n<meta name=\"twitter:label1\" content=\"Arvioitu lukuaika\" \/>\n\t<meta name=\"twitter:data1\" content=\"2 minuuttia\" \/>\n<script type=\"application\/ld+json\" class=\"yoast-schema-graph\">{\"@context\":\"https:\\\/\\\/schema.org\",\"@graph\":[{\"@type\":\"WebPage\",\"@id\":\"https:\\\/\\\/sednove.fi\\\/index.php\\\/referenssit\\\/\",\"url\":\"https:\\\/\\\/sednove.fi\\\/index.php\\\/referenssit\\\/\",\"name\":\"Referenssit - Sednove Oy | Ejektorikenno ja prosessiratkaisut teollisuudelle\",\"isPartOf\":{\"@id\":\"https:\\\/\\\/sednove.fi\\\/#website\"},\"primaryImageOfPage\":{\"@id\":\"https:\\\/\\\/sednove.fi\\\/index.php\\\/referenssit\\\/#primaryimage\"},\"image\":{\"@id\":\"https:\\\/\\\/sednove.fi\\\/index.php\\\/referenssit\\\/#primaryimage\"},\"thumbnailUrl\":\"https:\\\/\\\/sednove.fi\\\/wp-content\\\/uploads\\\/2020\\\/08\\\/Automaatio-7_opt.jpg\",\"datePublished\":\"2020-03-09T13:00:54+00:00\",\"dateModified\":\"2025-09-18T13:55:35+00:00\",\"description\":\"Sednoven referenssit sis\u00e4lt\u00e4v\u00e4t linkkej\u00e4 automaatiopuolelle ja fysikaaliseen kemiaan. Vesivahti kuluttaja-asiakkaille on nyt AkvaSolina.\",\"breadcrumb\":{\"@id\":\"https:\\\/\\\/sednove.fi\\\/index.php\\\/referenssit\\\/#breadcrumb\"},\"inLanguage\":\"fi\",\"potentialAction\":[{\"@type\":\"ReadAction\",\"target\":[\"https:\\\/\\\/sednove.fi\\\/index.php\\\/referenssit\\\/\"]}]},{\"@type\":\"ImageObject\",\"inLanguage\":\"fi\",\"@id\":\"https:\\\/\\\/sednove.fi\\\/index.php\\\/referenssit\\\/#primaryimage\",\"url\":\"https:\\\/\\\/sednove.fi\\\/wp-content\\\/uploads\\\/2020\\\/08\\\/Automaatio-7_opt.jpg\",\"contentUrl\":\"https:\\\/\\\/sednove.fi\\\/wp-content\\\/uploads\\\/2020\\\/08\\\/Automaatio-7_opt.jpg\",\"width\":800,\"height\":446,\"caption\":\"referenssi Sednove automaatiotoimintojen suunnittelu\"},{\"@type\":\"BreadcrumbList\",\"@id\":\"https:\\\/\\\/sednove.fi\\\/index.php\\\/referenssit\\\/#breadcrumb\",\"itemListElement\":[{\"@type\":\"ListItem\",\"position\":1,\"name\":\"Home\",\"item\":\"https:\\\/\\\/sednove.fi\\\/\"},{\"@type\":\"ListItem\",\"position\":2,\"name\":\"Referenssit\"}]},{\"@type\":\"WebSite\",\"@id\":\"https:\\\/\\\/sednove.fi\\\/#website\",\"url\":\"https:\\\/\\\/sednove.fi\\\/\",\"name\":\"Sednove Oy\",\"description\":\"Teknisen alan palvelut\",\"publisher\":{\"@id\":\"https:\\\/\\\/sednove.fi\\\/#organization\"},\"potentialAction\":[{\"@type\":\"SearchAction\",\"target\":{\"@type\":\"EntryPoint\",\"urlTemplate\":\"https:\\\/\\\/sednove.fi\\\/?s={search_term_string}\"},\"query-input\":{\"@type\":\"PropertyValueSpecification\",\"valueRequired\":true,\"valueName\":\"search_term_string\"}}],\"inLanguage\":\"fi\"},{\"@type\":\"Organization\",\"@id\":\"https:\\\/\\\/sednove.fi\\\/#organization\",\"name\":\"Sednove Oy\",\"url\":\"https:\\\/\\\/sednove.fi\\\/\",\"logo\":{\"@type\":\"ImageObject\",\"inLanguage\":\"fi\",\"@id\":\"https:\\\/\\\/sednove.fi\\\/#\\\/schema\\\/logo\\\/image\\\/\",\"url\":\"https:\\\/\\\/sednove.fi\\\/wp-content\\\/uploads\\\/2020\\\/03\\\/Sednove-1.png\",\"contentUrl\":\"https:\\\/\\\/sednove.fi\\\/wp-content\\\/uploads\\\/2020\\\/03\\\/Sednove-1.png\",\"width\":618,\"height\":439,\"caption\":\"Sednove Oy\"},\"image\":{\"@id\":\"https:\\\/\\\/sednove.fi\\\/#\\\/schema\\\/logo\\\/image\\\/\"}}]}<\/script>\n<!-- \/ Yoast SEO plugin. -->","yoast_head_json":{"title":"Referenssit - Sednove Oy | Ejektorikenno ja prosessiratkaisut teollisuudelle","description":"Sednoven referenssit sis\u00e4lt\u00e4v\u00e4t linkkej\u00e4 automaatiopuolelle ja fysikaaliseen kemiaan. Vesivahti kuluttaja-asiakkaille on nyt AkvaSolina.","robots":{"index":"index","follow":"follow","max-snippet":"max-snippet:-1","max-image-preview":"max-image-preview:large","max-video-preview":"max-video-preview:-1"},"canonical":"https:\/\/sednove.fi\/index.php\/referenssit\/","og_locale":"fi_FI","og_type":"article","og_title":"Referenssit - Sednove Oy | Ejektorikenno ja prosessiratkaisut teollisuudelle","og_description":"Sednoven referenssit sis\u00e4lt\u00e4v\u00e4t linkkej\u00e4 automaatiopuolelle ja fysikaaliseen kemiaan. Vesivahti kuluttaja-asiakkaille on nyt AkvaSolina.","og_url":"https:\/\/sednove.fi\/index.php\/referenssit\/","og_site_name":"Sednove Oy","article_modified_time":"2025-09-18T13:55:35+00:00","og_image":[{"url":"https:\/\/sednove.fi\/wp-content\/uploads\/2020\/08\/Automaatio-7_opt.jpg","type":"","width":"","height":""}],"twitter_card":"summary_large_image","twitter_misc":{"Arvioitu lukuaika":"2 minuuttia"},"schema":{"@context":"https:\/\/schema.org","@graph":[{"@type":"WebPage","@id":"https:\/\/sednove.fi\/index.php\/referenssit\/","url":"https:\/\/sednove.fi\/index.php\/referenssit\/","name":"Referenssit - Sednove Oy | Ejektorikenno ja prosessiratkaisut teollisuudelle","isPartOf":{"@id":"https:\/\/sednove.fi\/#website"},"primaryImageOfPage":{"@id":"https:\/\/sednove.fi\/index.php\/referenssit\/#primaryimage"},"image":{"@id":"https:\/\/sednove.fi\/index.php\/referenssit\/#primaryimage"},"thumbnailUrl":"https:\/\/sednove.fi\/wp-content\/uploads\/2020\/08\/Automaatio-7_opt.jpg","datePublished":"2020-03-09T13:00:54+00:00","dateModified":"2025-09-18T13:55:35+00:00","description":"Sednoven referenssit sis\u00e4lt\u00e4v\u00e4t linkkej\u00e4 automaatiopuolelle ja fysikaaliseen kemiaan. Vesivahti kuluttaja-asiakkaille on nyt AkvaSolina.","breadcrumb":{"@id":"https:\/\/sednove.fi\/index.php\/referenssit\/#breadcrumb"},"inLanguage":"fi","potentialAction":[{"@type":"ReadAction","target":["https:\/\/sednove.fi\/index.php\/referenssit\/"]}]},{"@type":"ImageObject","inLanguage":"fi","@id":"https:\/\/sednove.fi\/index.php\/referenssit\/#primaryimage","url":"https:\/\/sednove.fi\/wp-content\/uploads\/2020\/08\/Automaatio-7_opt.jpg","contentUrl":"https:\/\/sednove.fi\/wp-content\/uploads\/2020\/08\/Automaatio-7_opt.jpg","width":800,"height":446,"caption":"referenssi Sednove automaatiotoimintojen suunnittelu"},{"@type":"BreadcrumbList","@id":"https:\/\/sednove.fi\/index.php\/referenssit\/#breadcrumb","itemListElement":[{"@type":"ListItem","position":1,"name":"Home","item":"https:\/\/sednove.fi\/"},{"@type":"ListItem","position":2,"name":"Referenssit"}]},{"@type":"WebSite","@id":"https:\/\/sednove.fi\/#website","url":"https:\/\/sednove.fi\/","name":"Sednove Oy","description":"Teknisen alan palvelut","publisher":{"@id":"https:\/\/sednove.fi\/#organization"},"potentialAction":[{"@type":"SearchAction","target":{"@type":"EntryPoint","urlTemplate":"https:\/\/sednove.fi\/?s={search_term_string}"},"query-input":{"@type":"PropertyValueSpecification","valueRequired":true,"valueName":"search_term_string"}}],"inLanguage":"fi"},{"@type":"Organization","@id":"https:\/\/sednove.fi\/#organization","name":"Sednove Oy","url":"https:\/\/sednove.fi\/","logo":{"@type":"ImageObject","inLanguage":"fi","@id":"https:\/\/sednove.fi\/#\/schema\/logo\/image\/","url":"https:\/\/sednove.fi\/wp-content\/uploads\/2020\/03\/Sednove-1.png","contentUrl":"https:\/\/sednove.fi\/wp-content\/uploads\/2020\/03\/Sednove-1.png","width":618,"height":439,"caption":"Sednove Oy"},"image":{"@id":"https:\/\/sednove.fi\/#\/schema\/logo\/image\/"}}]}},"_links":{"self":[{"href":"https:\/\/sednove.fi\/index.php\/wp-json\/wp\/v2\/pages\/40","targetHints":{"allow":["GET"]}}],"collection":[{"href":"https:\/\/sednove.fi\/index.php\/wp-json\/wp\/v2\/pages"}],"about":[{"href":"https:\/\/sednove.fi\/index.php\/wp-json\/wp\/v2\/types\/page"}],"author":[{"embeddable":true,"href":"https:\/\/sednove.fi\/index.php\/wp-json\/wp\/v2\/users\/1"}],"replies":[{"embeddable":true,"href":"https:\/\/sednove.fi\/index.php\/wp-json\/wp\/v2\/comments?post=40"}],"version-history":[{"count":167,"href":"https:\/\/sednove.fi\/index.php\/wp-json\/wp\/v2\/pages\/40\/revisions"}],"predecessor-version":[{"id":1910,"href":"https:\/\/sednove.fi\/index.php\/wp-json\/wp\/v2\/pages\/40\/revisions\/1910"}],"wp:attachment":[{"href":"https:\/\/sednove.fi\/index.php\/wp-json\/wp\/v2\/media?parent=40"}],"curies":[{"name":"wp","href":"https:\/\/api.w.org\/{rel}","templated":true}]}}