{"id":46,"date":"2020-03-09T15:02:43","date_gmt":"2020-03-09T13:02:43","guid":{"rendered":"https:\/\/sednove.fi\/?page_id=46"},"modified":"2025-09-19T11:19:02","modified_gmt":"2025-09-19T08:19:02","slug":"yhteystiedot","status":"publish","type":"page","link":"https:\/\/sednove.fi\/index.php\/yhteystiedot\/","title":{"rendered":"Yhteystiedot"},"content":{"rendered":"\t\t<div data-elementor-type=\"wp-page\" data-elementor-id=\"46\" class=\"elementor elementor-46\" data-elementor-post-type=\"page\">\n\t\t\t\t\t\t<section class=\"elementor-section elementor-top-section elementor-element elementor-element-771c0fdd elementor-section-boxed elementor-section-height-default elementor-section-height-default\" data-id=\"771c0fdd\" data-element_type=\"section\" data-e-type=\"section\">\n\t\t\t\t\t\t<div class=\"elementor-container elementor-column-gap-default\">\n\t\t\t\t\t<div class=\"elementor-column elementor-col-100 elementor-top-column elementor-element elementor-element-58d9236e\" data-id=\"58d9236e\" data-element_type=\"column\" data-e-type=\"column\">\n\t\t\t<div class=\"elementor-widget-wrap elementor-element-populated\">\n\t\t\t\t\t\t<div class=\"elementor-element elementor-element-d59d907 elementor-widget elementor-widget-heading\" data-id=\"d59d907\" data-element_type=\"widget\" data-e-type=\"widget\" data-widget_type=\"heading.default\">\n\t\t\t\t<div class=\"elementor-widget-container\">\n\t\t\t\t\t<h1 class=\"elementor-heading-title elementor-size-default\">Yhteystiedot<\/h1>\t\t\t\t<\/div>\n\t\t\t\t<\/div>\n\t\t\t\t\t<\/div>\n\t\t<\/div>\n\t\t\t\t\t<\/div>\n\t\t<\/section>\n\t\t\t\t<section class=\"elementor-section elementor-top-section elementor-element elementor-element-47c7154 elementor-section-boxed elementor-section-height-default elementor-section-height-default\" data-id=\"47c7154\" data-element_type=\"section\" data-e-type=\"section\" data-settings=\"{&quot;background_background&quot;:&quot;classic&quot;}\">\n\t\t\t\t\t\t<div class=\"elementor-container elementor-column-gap-default\">\n\t\t\t\t\t<div class=\"elementor-column elementor-col-100 elementor-top-column elementor-element elementor-element-46cf688\" data-id=\"46cf688\" data-element_type=\"column\" data-e-type=\"column\">\n\t\t\t<div class=\"elementor-widget-wrap elementor-element-populated\">\n\t\t\t\t\t\t<section class=\"elementor-section elementor-inner-section elementor-element elementor-element-3caa927 elementor-section-content-middle elementor-section-boxed elementor-section-height-default elementor-section-height-default\" data-id=\"3caa927\" data-element_type=\"section\" data-e-type=\"section\">\n\t\t\t\t\t\t<div class=\"elementor-container elementor-column-gap-wide\">\n\t\t\t\t\t<div class=\"elementor-column elementor-col-50 elementor-inner-column elementor-element elementor-element-d31d815\" data-id=\"d31d815\" data-element_type=\"column\" data-e-type=\"column\">\n\t\t\t<div class=\"elementor-widget-wrap elementor-element-populated\">\n\t\t\t\t\t\t<div class=\"elementor-element elementor-element-b7dea5f elementor-widget elementor-widget-image\" data-id=\"b7dea5f\" data-element_type=\"widget\" data-e-type=\"widget\" data-widget_type=\"image.default\">\n\t\t\t\t<div class=\"elementor-widget-container\">\n\t\t\t\t\t\t\t\t\t\t\t\t\t\t\t<img fetchpriority=\"high\" decoding=\"async\" width=\"600\" height=\"611\" src=\"https:\/\/sednove.fi\/wp-content\/uploads\/2020\/08\/Sednove-Oy-Raimo-Lappi.jpg\" class=\"attachment-large size-large wp-image-356\" alt=\"Sednove automaatioalan palvelut\" srcset=\"https:\/\/sednove.fi\/wp-content\/uploads\/2020\/08\/Sednove-Oy-Raimo-Lappi.jpg 600w, https:\/\/sednove.fi\/wp-content\/uploads\/2020\/08\/Sednove-Oy-Raimo-Lappi-295x300.jpg 295w\" sizes=\"(max-width: 600px) 100vw, 600px\" \/>\t\t\t\t\t\t\t\t\t\t\t\t\t\t\t<\/div>\n\t\t\t\t<\/div>\n\t\t\t\t\t<\/div>\n\t\t<\/div>\n\t\t\t\t<div class=\"elementor-column elementor-col-50 elementor-inner-column elementor-element elementor-element-997c4ce\" data-id=\"997c4ce\" data-element_type=\"column\" data-e-type=\"column\">\n\t\t\t<div class=\"elementor-widget-wrap elementor-element-populated\">\n\t\t\t\t\t\t<div class=\"elementor-element elementor-element-7cbf868 elementor-widget elementor-widget-text-editor\" data-id=\"7cbf868\" data-element_type=\"widget\" data-e-type=\"widget\" data-widget_type=\"text-editor.default\">\n\t\t\t\t<div class=\"elementor-widget-container\">\n\t\t\t\t\t\t\t\t\t<p style=\"text-align: left;\">Raimo Lappi (toimitusjohtaja)<\/p><p style=\"text-align: left;\">Myynti ja neuvonta<\/p><p style=\"text-align: left;\"><a href=\"mailto:raimo.lappi@sednove.fi\" target=\"_blank\" rel=\"noopener noreferrer\">raimo.lappi@sednove.fi<\/a><\/p><p style=\"text-align: left;\">puh. <a href=\"tel:+358440535123\">0440-535 123<\/a><\/p><p>Harjukatu 3 B 14, 48900 Kotka<\/p><p>Sednove Oy sijaitsee Sunilassa, Aino ja Alvar Aallon 1938 suunnittelemalla asuntoalueella, kauniissa mets\u00e4l\u00e4hi\u00f6ss\u00e4.<\/p>\t\t\t\t\t\t\t\t<\/div>\n\t\t\t\t<\/div>\n\t\t\t\t<div class=\"elementor-element elementor-element-443ae4b e-grid-align-left elementor-shape-rounded elementor-grid-0 elementor-widget elementor-widget-social-icons\" data-id=\"443ae4b\" data-element_type=\"widget\" data-e-type=\"widget\" data-widget_type=\"social-icons.default\">\n\t\t\t\t<div class=\"elementor-widget-container\">\n\t\t\t\t\t\t\t<div class=\"elementor-social-icons-wrapper elementor-grid\">\n\t\t\t\t\t\t\t<span class=\"elementor-grid-item\">\n\t\t\t\t\t<a class=\"elementor-icon elementor-social-icon elementor-social-icon-linkedin elementor-repeater-item-afda372\" href=\"https:\/\/www.linkedin.com\/in\/raimo-k-lappi-94a92b50\/\" target=\"_blank\">\n\t\t\t\t\t\t<span class=\"elementor-screen-only\">Linkedin<\/span>\n\t\t\t\t\t\t<i aria-hidden=\"true\" class=\"fab fa-linkedin\"><\/i>\t\t\t\t\t<\/a>\n\t\t\t\t<\/span>\n\t\t\t\t\t<\/div>\n\t\t\t\t\t\t<\/div>\n\t\t\t\t<\/div>\n\t\t\t\t\t<\/div>\n\t\t<\/div>\n\t\t\t\t\t<\/div>\n\t\t<\/section>\n\t\t\t\t\t<\/div>\n\t\t<\/div>\n\t\t\t\t\t<\/div>\n\t\t<\/section>\n\t\t\t\t<section class=\"elementor-section elementor-top-section elementor-element elementor-element-cd67045 elementor-section-boxed elementor-section-height-default elementor-section-height-default\" data-id=\"cd67045\" data-element_type=\"section\" data-e-type=\"section\">\n\t\t\t\t\t\t<div class=\"elementor-container elementor-column-gap-default\">\n\t\t\t\t\t<div class=\"elementor-column elementor-col-100 elementor-top-column elementor-element elementor-element-fda0d4a\" data-id=\"fda0d4a\" data-element_type=\"column\" data-e-type=\"column\">\n\t\t\t<div class=\"elementor-widget-wrap elementor-element-populated\">\n\t\t\t\t\t\t<section class=\"elementor-section elementor-inner-section elementor-element elementor-element-7804390 elementor-section-full_width elementor-section-height-default elementor-section-height-default\" data-id=\"7804390\" data-element_type=\"section\" data-e-type=\"section\">\n\t\t\t\t\t\t<div class=\"elementor-container elementor-column-gap-default\">\n\t\t\t\t\t<div class=\"elementor-column elementor-col-50 elementor-inner-column elementor-element elementor-element-cffc026\" data-id=\"cffc026\" data-element_type=\"column\" data-e-type=\"column\">\n\t\t\t<div class=\"elementor-widget-wrap elementor-element-populated\">\n\t\t\t\t\t\t<div class=\"elementor-element elementor-element-a013c4c elementor-widget elementor-widget-image\" data-id=\"a013c4c\" data-element_type=\"widget\" data-e-type=\"widget\" data-widget_type=\"image.default\">\n\t\t\t\t<div class=\"elementor-widget-container\">\n\t\t\t\t\t\t\t\t\t\t\t\t\t\t\t<img decoding=\"async\" width=\"537\" height=\"371\" src=\"https:\/\/sednove.fi\/wp-content\/uploads\/2021\/12\/Tehtaan-varjo.png\" class=\"attachment-large size-large wp-image-923\" alt=\"Sednove Raimo Lappi yhteystiedot\" srcset=\"https:\/\/sednove.fi\/wp-content\/uploads\/2021\/12\/Tehtaan-varjo.png 537w, https:\/\/sednove.fi\/wp-content\/uploads\/2021\/12\/Tehtaan-varjo-300x207.png 300w\" sizes=\"(max-width: 537px) 100vw, 537px\" \/>\t\t\t\t\t\t\t\t\t\t\t\t\t\t\t<\/div>\n\t\t\t\t<\/div>\n\t\t\t\t\t<\/div>\n\t\t<\/div>\n\t\t\t\t<div class=\"elementor-column elementor-col-50 elementor-inner-column elementor-element elementor-element-94a3544\" data-id=\"94a3544\" data-element_type=\"column\" data-e-type=\"column\">\n\t\t\t<div class=\"elementor-widget-wrap elementor-element-populated\">\n\t\t\t\t\t\t<div class=\"elementor-element elementor-element-391e923 elementor-widget elementor-widget-text-editor\" data-id=\"391e923\" data-element_type=\"widget\" data-e-type=\"widget\" data-widget_type=\"text-editor.default\">\n\t\t\t\t<div class=\"elementor-widget-container\">\n\t\t\t\t\t\t\t\t\t<p>Lue Sednoven tarina \u201dTehtaan varjosta tehtaan varjoon\u201d alla olevan linkin takaa. Jutun on kirjoittanut Cursor Oy, joka tuottaa Suomen parhaita elinkeinopalveluita alueensa yritt\u00e4jille ja omistaja-asiakkailleen.<\/p>\t\t\t\t\t\t\t\t<\/div>\n\t\t\t\t<\/div>\n\t\t\t\t<div class=\"elementor-element elementor-element-48f20b6 elementor-align-left elementor-widget elementor-widget-button\" data-id=\"48f20b6\" data-element_type=\"widget\" data-e-type=\"widget\" data-widget_type=\"button.default\">\n\t\t\t\t<div class=\"elementor-widget-container\">\n\t\t\t\t\t\t\t\t\t<div class=\"elementor-button-wrapper\">\n\t\t\t\t\t<a class=\"elementor-button elementor-button-link elementor-size-lg\" href=\"https:\/\/www.cursor.fi\/2021\/12\/08\/tehtaan-varjosta-tehtaan-varjoon\/\">\n\t\t\t\t\t\t<span class=\"elementor-button-content-wrapper\">\n\t\t\t\t\t\t\t\t\t<span class=\"elementor-button-text\">Sednoven tarina<\/span>\n\t\t\t\t\t<\/span>\n\t\t\t\t\t<\/a>\n\t\t\t\t<\/div>\n\t\t\t\t\t\t\t\t<\/div>\n\t\t\t\t<\/div>\n\t\t\t\t\t<\/div>\n\t\t<\/div>\n\t\t\t\t\t<\/div>\n\t\t<\/section>\n\t\t\t\t\t<\/div>\n\t\t<\/div>\n\t\t\t\t\t<\/div>\n\t\t<\/section>\n\t\t\t\t<section class=\"elementor-section elementor-top-section elementor-element elementor-element-93b55a5 elementor-section-boxed elementor-section-height-default elementor-section-height-default\" data-id=\"93b55a5\" data-element_type=\"section\" data-e-type=\"section\" data-settings=\"{&quot;background_background&quot;:&quot;classic&quot;}\">\n\t\t\t\t\t\t<div class=\"elementor-container elementor-column-gap-default\">\n\t\t\t\t\t<div class=\"elementor-column elementor-col-100 elementor-top-column elementor-element elementor-element-5089a15\" data-id=\"5089a15\" data-element_type=\"column\" data-e-type=\"column\">\n\t\t\t<div class=\"elementor-widget-wrap elementor-element-populated\">\n\t\t\t\t\t\t<div class=\"elementor-element elementor-element-7984dd7 elementor-widget elementor-widget-text-editor\" data-id=\"7984dd7\" data-element_type=\"widget\" data-e-type=\"widget\" data-widget_type=\"text-editor.default\">\n\t\t\t\t<div class=\"elementor-widget-container\">\n\t\t\t\t\t\t\t\t\t<p>\u00c4l\u00e4 ep\u00e4r\u00f6i ottaa yhteytt\u00e4 alla olevalla lomakkeella.<\/p>\t\t\t\t\t\t\t\t<\/div>\n\t\t\t\t<\/div>\n\t\t\t\t<div class=\"elementor-element elementor-element-59bcee2 elementor-widget elementor-widget-shortcode\" data-id=\"59bcee2\" data-element_type=\"widget\" data-e-type=\"widget\" data-widget_type=\"shortcode.default\">\n\t\t\t\t<div class=\"elementor-widget-container\">\n\t\t\t\t\t\t\t<div class=\"elementor-shortcode\"><div class=\"wpforms-container wpforms-container-full\" id=\"wpforms-184\"><form id=\"wpforms-form-184\" class=\"wpforms-validate wpforms-form\" data-formid=\"184\" method=\"post\" enctype=\"multipart\/form-data\" action=\"\/index.php\/wp-json\/wp\/v2\/pages\/46\" data-token=\"44dd2cd049e8146991da6d2a96800247\" data-token-time=\"1777892764\"><noscript class=\"wpforms-error-noscript\">Please enable JavaScript in your browser to complete this form.<\/noscript><div class=\"wpforms-field-container\"><div id=\"wpforms-184-field_0-container\" class=\"wpforms-field wpforms-field-name\" data-field-id=\"0\"><label class=\"wpforms-field-label\" for=\"wpforms-184-field_0\">Nimi <span class=\"wpforms-required-label\">*<\/span><\/label><input type=\"text\" id=\"wpforms-184-field_0\" class=\"wpforms-field-medium wpforms-field-required\" name=\"wpforms[fields][0]\" required><\/div><div id=\"wpforms-184-field_1-container\" class=\"wpforms-field wpforms-field-email\" data-field-id=\"1\"><label class=\"wpforms-field-label\" for=\"wpforms-184-field_1\">S\u00e4hk\u00f6postiosoite <span class=\"wpforms-required-label\">*<\/span><\/label><input type=\"email\" id=\"wpforms-184-field_1\" class=\"wpforms-field-medium wpforms-field-required\" name=\"wpforms[fields][1]\" spellcheck=\"false\" required><\/div><div id=\"wpforms-184-field_2-container\" class=\"wpforms-field wpforms-field-textarea\" data-field-id=\"2\"><label class=\"wpforms-field-label\" for=\"wpforms-184-field_2\">Viesti tai lis\u00e4tietoja <span class=\"wpforms-required-label\">*<\/span><\/label><textarea id=\"wpforms-184-field_2\" class=\"wpforms-field-medium wpforms-field-required\" name=\"wpforms[fields][2]\" required><\/textarea><\/div><div id=\"wpforms-184-field_5-container\" class=\"wpforms-field wpforms-field-gdpr-checkbox\" data-field-id=\"5\"><label class=\"wpforms-field-label\">GDPR sopimus <span class=\"wpforms-required-label\">*<\/span><\/label><ul id=\"wpforms-184-field_5\" class=\"wpforms-field-required\"><li class=\"choice-1\"><input type=\"checkbox\" id=\"wpforms-184-field_5_1\" name=\"wpforms[fields][5][]\" value=\"Hyv\u00e4ksyn, ett\u00e4 t\u00e4m\u00e4 verkkosivusto tallentaa l\u00e4hett\u00e4m\u00e4ni tiedot, jotta kysymyksiini voidaan vastata.\" required ><label class=\"wpforms-field-label-inline\" for=\"wpforms-184-field_5_1\">Hyv\u00e4ksyn, ett\u00e4 t\u00e4m\u00e4 verkkosivusto tallentaa l\u00e4hett\u00e4m\u00e4ni tiedot, jotta kysymyksiini voidaan vastata.<\/label><\/li><\/ul><\/div><\/div><!-- .wpforms-field-container --><div class=\"wpforms-field wpforms-field-hp\"><label for=\"wpforms-184-field-hp\" class=\"wpforms-field-label\">Name<\/label><input type=\"text\" name=\"wpforms[hp]\" id=\"wpforms-184-field-hp\" class=\"wpforms-field-medium\"><\/div><div class=\"wpforms-submit-container\" ><input type=\"hidden\" name=\"wpforms[id]\" value=\"184\"><input type=\"hidden\" name=\"page_title\" value=\"\"><input type=\"hidden\" name=\"page_url\" value=\"https:\/\/sednove.fi\/index.php\/wp-json\/wp\/v2\/pages\/46\"><input type=\"hidden\" name=\"url_referer\" value=\"\"><button type=\"submit\" name=\"wpforms[submit]\" id=\"wpforms-submit-184\" class=\"wpforms-submit\" data-alt-text=\"L\u00e4hett\u00e4\u00e4...\" data-submit-text=\"L\u00e4het\u00e4\" aria-live=\"assertive\" value=\"wpforms-submit\">L\u00e4het\u00e4<\/button><\/div><\/form><\/div>  <!-- .wpforms-container --><\/div>\n\t\t\t\t\t\t<\/div>\n\t\t\t\t<\/div>\n\t\t\t\t\t<\/div>\n\t\t<\/div>\n\t\t\t\t\t<\/div>\n\t\t<\/section>\n\t\t\t\t<section class=\"elementor-section elementor-top-section elementor-element elementor-element-d04b4d9 elementor-section-boxed elementor-section-height-default elementor-section-height-default\" data-id=\"d04b4d9\" data-element_type=\"section\" data-e-type=\"section\">\n\t\t\t\t\t\t<div class=\"elementor-container elementor-column-gap-default\">\n\t\t\t\t\t<div class=\"elementor-column elementor-col-100 elementor-top-column elementor-element elementor-element-ddad78f\" data-id=\"ddad78f\" data-element_type=\"column\" data-e-type=\"column\">\n\t\t\t<div class=\"elementor-widget-wrap elementor-element-populated\">\n\t\t\t\t\t\t<div class=\"elementor-element elementor-element-42240fb elementor-widget elementor-widget-google_maps\" data-id=\"42240fb\" data-element_type=\"widget\" data-e-type=\"widget\" data-widget_type=\"google_maps.default\">\n\t\t\t\t<div class=\"elementor-widget-container\">\n\t\t\t\t\t\t\t<div class=\"elementor-custom-embed\">\n\t\t\t<iframe loading=\"lazy\"\n\t\t\t\t\tsrc=\"https:\/\/maps.google.com\/maps?q=sednove%20oy&#038;t=m&#038;z=12&#038;output=embed&#038;iwloc=near\"\n\t\t\t\t\ttitle=\"sednove oy\"\n\t\t\t\t\taria-label=\"sednove oy\"\n\t\t\t><\/iframe>\n\t\t<\/div>\n\t\t\t\t\t\t<\/div>\n\t\t\t\t<\/div>\n\t\t\t\t\t<\/div>\n\t\t<\/div>\n\t\t\t\t\t<\/div>\n\t\t<\/section>\n\t\t\t\t<section class=\"elementor-section elementor-top-section elementor-element elementor-element-31141ed elementor-section-boxed elementor-section-height-default elementor-section-height-default\" data-id=\"31141ed\" data-element_type=\"section\" data-e-type=\"section\">\n\t\t\t\t\t\t<div class=\"elementor-container elementor-column-gap-default\">\n\t\t\t\t\t<div class=\"elementor-column elementor-col-100 elementor-top-column elementor-element elementor-element-c34ce29\" data-id=\"c34ce29\" data-element_type=\"column\" data-e-type=\"column\">\n\t\t\t<div class=\"elementor-widget-wrap elementor-element-populated\">\n\t\t\t\t\t\t<div class=\"elementor-element elementor-element-53d64a5 elementor-widget elementor-widget-button\" data-id=\"53d64a5\" data-element_type=\"widget\" data-e-type=\"widget\" data-widget_type=\"button.default\">\n\t\t\t\t<div class=\"elementor-widget-container\">\n\t\t\t\t\t\t\t\t\t<div class=\"elementor-button-wrapper\">\n\t\t\t\t\t<a class=\"elementor-button elementor-button-link elementor-size-lg\" href=\"https:\/\/maps.app.goo.gl\/idnW5AWJeNw7ZKSh8\">\n\t\t\t\t\t\t<span class=\"elementor-button-content-wrapper\">\n\t\t\t\t\t\t\t\t\t<span class=\"elementor-button-text\">Katun\u00e4kym\u00e4<\/span>\n\t\t\t\t\t<\/span>\n\t\t\t\t\t<\/a>\n\t\t\t\t<\/div>\n\t\t\t\t\t\t\t\t<\/div>\n\t\t\t\t<\/div>\n\t\t\t\t\t<\/div>\n\t\t<\/div>\n\t\t\t\t\t<\/div>\n\t\t<\/section>\n\t\t\t\t<\/div>\n\t\t","protected":false},"excerpt":{"rendered":"<p>Yhteystiedot Raimo Lappi (toimitusjohtaja) Myynti ja neuvonta raimo.lappi@sednove.fi puh. 0440-535 123 Harjukatu 3 B 14, 48900 Kotka Sednove Oy sijaitsee Sunilassa, Aino ja Alvar Aallon 1938 suunnittelemalla asuntoalueella, kauniissa mets\u00e4l\u00e4hi\u00f6ss\u00e4. Linkedin Lue Sednoven tarina \u201dTehtaan varjosta tehtaan varjoon\u201d alla olevan linkin takaa. Jutun on kirjoittanut Cursor Oy, joka tuottaa Suomen parhaita elinkeinopalveluita alueensa yritt\u00e4jille ja &#8230; <a title=\"Yhteystiedot\" class=\"read-more\" href=\"https:\/\/sednove.fi\/index.php\/yhteystiedot\/\" aria-label=\"Lue lis\u00e4\u00e4 aiheesta Yhteystiedot\">Lue lis\u00e4\u00e4<\/a><\/p>\n","protected":false},"author":1,"featured_media":0,"parent":0,"menu_order":0,"comment_status":"closed","ping_status":"closed","template":"","meta":{"footnotes":""},"class_list":["post-46","page","type-page","status-publish"],"yoast_head":"<!-- This site is optimized with the Yoast SEO plugin v27.3 - https:\/\/yoast.com\/product\/yoast-seo-wordpress\/ -->\n<title>Yhteystiedot - Sednove Oy | Ejektorikennot ja kemian prosessiratkaisut<\/title>\n<meta name=\"description\" content=\"Sednove palvelee yrityksi\u00e4 energiatehokkaissa prosessiratkaisuissa. Kysy ejektorikennosta, automaatiosta ja cleantech-ratkaisuista.\" \/>\n<meta name=\"robots\" content=\"index, follow, max-snippet:-1, max-image-preview:large, max-video-preview:-1\" \/>\n<link rel=\"canonical\" href=\"https:\/\/sednove.fi\/index.php\/yhteystiedot\/\" \/>\n<meta property=\"og:locale\" content=\"fi_FI\" \/>\n<meta property=\"og:type\" content=\"article\" \/>\n<meta property=\"og:title\" content=\"Yhteystiedot - Sednove Oy | Ejektorikennot ja kemian prosessiratkaisut\" \/>\n<meta property=\"og:description\" content=\"Sednove palvelee yrityksi\u00e4 energiatehokkaissa prosessiratkaisuissa. Kysy ejektorikennosta, automaatiosta ja cleantech-ratkaisuista.\" \/>\n<meta property=\"og:url\" content=\"https:\/\/sednove.fi\/index.php\/yhteystiedot\/\" \/>\n<meta property=\"og:site_name\" content=\"Sednove Oy\" \/>\n<meta property=\"article:modified_time\" content=\"2025-09-19T08:19:02+00:00\" \/>\n<meta property=\"og:image\" content=\"https:\/\/sednove.fi\/wp-content\/uploads\/2020\/08\/Sednove-Oy-Raimo-Lappi.jpg\" \/>\n<meta name=\"twitter:card\" content=\"summary_large_image\" \/>\n<meta name=\"twitter:label1\" content=\"Arvioitu lukuaika\" \/>\n\t<meta name=\"twitter:data1\" content=\"1 minuutti\" \/>\n<script type=\"application\/ld+json\" class=\"yoast-schema-graph\">{\"@context\":\"https:\\\/\\\/schema.org\",\"@graph\":[{\"@type\":\"WebPage\",\"@id\":\"https:\\\/\\\/sednove.fi\\\/index.php\\\/yhteystiedot\\\/\",\"url\":\"https:\\\/\\\/sednove.fi\\\/index.php\\\/yhteystiedot\\\/\",\"name\":\"Yhteystiedot - Sednove Oy | Ejektorikennot ja kemian prosessiratkaisut\",\"isPartOf\":{\"@id\":\"https:\\\/\\\/sednove.fi\\\/#website\"},\"primaryImageOfPage\":{\"@id\":\"https:\\\/\\\/sednove.fi\\\/index.php\\\/yhteystiedot\\\/#primaryimage\"},\"image\":{\"@id\":\"https:\\\/\\\/sednove.fi\\\/index.php\\\/yhteystiedot\\\/#primaryimage\"},\"thumbnailUrl\":\"https:\\\/\\\/sednove.fi\\\/wp-content\\\/uploads\\\/2020\\\/08\\\/Sednove-Oy-Raimo-Lappi.jpg\",\"datePublished\":\"2020-03-09T13:02:43+00:00\",\"dateModified\":\"2025-09-19T08:19:02+00:00\",\"description\":\"Sednove palvelee yrityksi\u00e4 energiatehokkaissa prosessiratkaisuissa. Kysy ejektorikennosta, automaatiosta ja cleantech-ratkaisuista.\",\"breadcrumb\":{\"@id\":\"https:\\\/\\\/sednove.fi\\\/index.php\\\/yhteystiedot\\\/#breadcrumb\"},\"inLanguage\":\"fi\",\"potentialAction\":[{\"@type\":\"ReadAction\",\"target\":[\"https:\\\/\\\/sednove.fi\\\/index.php\\\/yhteystiedot\\\/\"]}]},{\"@type\":\"ImageObject\",\"inLanguage\":\"fi\",\"@id\":\"https:\\\/\\\/sednove.fi\\\/index.php\\\/yhteystiedot\\\/#primaryimage\",\"url\":\"https:\\\/\\\/sednove.fi\\\/wp-content\\\/uploads\\\/2020\\\/08\\\/Sednove-Oy-Raimo-Lappi.jpg\",\"contentUrl\":\"https:\\\/\\\/sednove.fi\\\/wp-content\\\/uploads\\\/2020\\\/08\\\/Sednove-Oy-Raimo-Lappi.jpg\",\"width\":600,\"height\":611,\"caption\":\"Sednove automaatioalan palvelut\"},{\"@type\":\"BreadcrumbList\",\"@id\":\"https:\\\/\\\/sednove.fi\\\/index.php\\\/yhteystiedot\\\/#breadcrumb\",\"itemListElement\":[{\"@type\":\"ListItem\",\"position\":1,\"name\":\"Home\",\"item\":\"https:\\\/\\\/sednove.fi\\\/\"},{\"@type\":\"ListItem\",\"position\":2,\"name\":\"Yhteystiedot\"}]},{\"@type\":\"WebSite\",\"@id\":\"https:\\\/\\\/sednove.fi\\\/#website\",\"url\":\"https:\\\/\\\/sednove.fi\\\/\",\"name\":\"Sednove Oy\",\"description\":\"Teknisen alan palvelut\",\"publisher\":{\"@id\":\"https:\\\/\\\/sednove.fi\\\/#organization\"},\"potentialAction\":[{\"@type\":\"SearchAction\",\"target\":{\"@type\":\"EntryPoint\",\"urlTemplate\":\"https:\\\/\\\/sednove.fi\\\/?s={search_term_string}\"},\"query-input\":{\"@type\":\"PropertyValueSpecification\",\"valueRequired\":true,\"valueName\":\"search_term_string\"}}],\"inLanguage\":\"fi\"},{\"@type\":\"Organization\",\"@id\":\"https:\\\/\\\/sednove.fi\\\/#organization\",\"name\":\"Sednove Oy\",\"url\":\"https:\\\/\\\/sednove.fi\\\/\",\"logo\":{\"@type\":\"ImageObject\",\"inLanguage\":\"fi\",\"@id\":\"https:\\\/\\\/sednove.fi\\\/#\\\/schema\\\/logo\\\/image\\\/\",\"url\":\"https:\\\/\\\/sednove.fi\\\/wp-content\\\/uploads\\\/2020\\\/03\\\/Sednove-1.png\",\"contentUrl\":\"https:\\\/\\\/sednove.fi\\\/wp-content\\\/uploads\\\/2020\\\/03\\\/Sednove-1.png\",\"width\":618,\"height\":439,\"caption\":\"Sednove Oy\"},\"image\":{\"@id\":\"https:\\\/\\\/sednove.fi\\\/#\\\/schema\\\/logo\\\/image\\\/\"}}]}<\/script>\n<!-- \/ Yoast SEO plugin. -->","yoast_head_json":{"title":"Yhteystiedot - Sednove Oy | Ejektorikennot ja kemian prosessiratkaisut","description":"Sednove palvelee yrityksi\u00e4 energiatehokkaissa prosessiratkaisuissa. Kysy ejektorikennosta, automaatiosta ja cleantech-ratkaisuista.","robots":{"index":"index","follow":"follow","max-snippet":"max-snippet:-1","max-image-preview":"max-image-preview:large","max-video-preview":"max-video-preview:-1"},"canonical":"https:\/\/sednove.fi\/index.php\/yhteystiedot\/","og_locale":"fi_FI","og_type":"article","og_title":"Yhteystiedot - Sednove Oy | Ejektorikennot ja kemian prosessiratkaisut","og_description":"Sednove palvelee yrityksi\u00e4 energiatehokkaissa prosessiratkaisuissa. Kysy ejektorikennosta, automaatiosta ja cleantech-ratkaisuista.","og_url":"https:\/\/sednove.fi\/index.php\/yhteystiedot\/","og_site_name":"Sednove Oy","article_modified_time":"2025-09-19T08:19:02+00:00","og_image":[{"url":"https:\/\/sednove.fi\/wp-content\/uploads\/2020\/08\/Sednove-Oy-Raimo-Lappi.jpg","type":"","width":"","height":""}],"twitter_card":"summary_large_image","twitter_misc":{"Arvioitu lukuaika":"1 minuutti"},"schema":{"@context":"https:\/\/schema.org","@graph":[{"@type":"WebPage","@id":"https:\/\/sednove.fi\/index.php\/yhteystiedot\/","url":"https:\/\/sednove.fi\/index.php\/yhteystiedot\/","name":"Yhteystiedot - Sednove Oy | Ejektorikennot ja kemian prosessiratkaisut","isPartOf":{"@id":"https:\/\/sednove.fi\/#website"},"primaryImageOfPage":{"@id":"https:\/\/sednove.fi\/index.php\/yhteystiedot\/#primaryimage"},"image":{"@id":"https:\/\/sednove.fi\/index.php\/yhteystiedot\/#primaryimage"},"thumbnailUrl":"https:\/\/sednove.fi\/wp-content\/uploads\/2020\/08\/Sednove-Oy-Raimo-Lappi.jpg","datePublished":"2020-03-09T13:02:43+00:00","dateModified":"2025-09-19T08:19:02+00:00","description":"Sednove palvelee yrityksi\u00e4 energiatehokkaissa prosessiratkaisuissa. Kysy ejektorikennosta, automaatiosta ja cleantech-ratkaisuista.","breadcrumb":{"@id":"https:\/\/sednove.fi\/index.php\/yhteystiedot\/#breadcrumb"},"inLanguage":"fi","potentialAction":[{"@type":"ReadAction","target":["https:\/\/sednove.fi\/index.php\/yhteystiedot\/"]}]},{"@type":"ImageObject","inLanguage":"fi","@id":"https:\/\/sednove.fi\/index.php\/yhteystiedot\/#primaryimage","url":"https:\/\/sednove.fi\/wp-content\/uploads\/2020\/08\/Sednove-Oy-Raimo-Lappi.jpg","contentUrl":"https:\/\/sednove.fi\/wp-content\/uploads\/2020\/08\/Sednove-Oy-Raimo-Lappi.jpg","width":600,"height":611,"caption":"Sednove automaatioalan palvelut"},{"@type":"BreadcrumbList","@id":"https:\/\/sednove.fi\/index.php\/yhteystiedot\/#breadcrumb","itemListElement":[{"@type":"ListItem","position":1,"name":"Home","item":"https:\/\/sednove.fi\/"},{"@type":"ListItem","position":2,"name":"Yhteystiedot"}]},{"@type":"WebSite","@id":"https:\/\/sednove.fi\/#website","url":"https:\/\/sednove.fi\/","name":"Sednove Oy","description":"Teknisen alan palvelut","publisher":{"@id":"https:\/\/sednove.fi\/#organization"},"potentialAction":[{"@type":"SearchAction","target":{"@type":"EntryPoint","urlTemplate":"https:\/\/sednove.fi\/?s={search_term_string}"},"query-input":{"@type":"PropertyValueSpecification","valueRequired":true,"valueName":"search_term_string"}}],"inLanguage":"fi"},{"@type":"Organization","@id":"https:\/\/sednove.fi\/#organization","name":"Sednove Oy","url":"https:\/\/sednove.fi\/","logo":{"@type":"ImageObject","inLanguage":"fi","@id":"https:\/\/sednove.fi\/#\/schema\/logo\/image\/","url":"https:\/\/sednove.fi\/wp-content\/uploads\/2020\/03\/Sednove-1.png","contentUrl":"https:\/\/sednove.fi\/wp-content\/uploads\/2020\/03\/Sednove-1.png","width":618,"height":439,"caption":"Sednove Oy"},"image":{"@id":"https:\/\/sednove.fi\/#\/schema\/logo\/image\/"}}]}},"_links":{"self":[{"href":"https:\/\/sednove.fi\/index.php\/wp-json\/wp\/v2\/pages\/46","targetHints":{"allow":["GET"]}}],"collection":[{"href":"https:\/\/sednove.fi\/index.php\/wp-json\/wp\/v2\/pages"}],"about":[{"href":"https:\/\/sednove.fi\/index.php\/wp-json\/wp\/v2\/types\/page"}],"author":[{"embeddable":true,"href":"https:\/\/sednove.fi\/index.php\/wp-json\/wp\/v2\/users\/1"}],"replies":[{"embeddable":true,"href":"https:\/\/sednove.fi\/index.php\/wp-json\/wp\/v2\/comments?post=46"}],"version-history":[{"count":193,"href":"https:\/\/sednove.fi\/index.php\/wp-json\/wp\/v2\/pages\/46\/revisions"}],"predecessor-version":[{"id":1937,"href":"https:\/\/sednove.fi\/index.php\/wp-json\/wp\/v2\/pages\/46\/revisions\/1937"}],"wp:attachment":[{"href":"https:\/\/sednove.fi\/index.php\/wp-json\/wp\/v2\/media?parent=46"}],"curies":[{"name":"wp","href":"https:\/\/api.w.org\/{rel}","templated":true}]}}