{"id":5,"date":"2025-09-05T14:00:27","date_gmt":"2025-09-05T11:00:27","guid":{"rendered":"https:\/\/sednove.fi\/?page_id=5"},"modified":"2025-09-19T08:53:26","modified_gmt":"2025-09-19T05:53:26","slug":"sednoven-palvelut","status":"publish","type":"page","link":"https:\/\/sednove.fi\/","title":{"rendered":"Sednove tuotteet ja palvelut"},"content":{"rendered":"\t\t<div data-elementor-type=\"wp-page\" data-elementor-id=\"5\" class=\"elementor elementor-5\" data-elementor-post-type=\"page\">\n\t\t\t\t\t\t<section class=\"elementor-section elementor-top-section elementor-element elementor-element-32771cb elementor-section-boxed elementor-section-height-default elementor-section-height-default\" data-id=\"32771cb\" data-element_type=\"section\" data-e-type=\"section\">\n\t\t\t\t\t\t<div class=\"elementor-container elementor-column-gap-default\">\n\t\t\t\t\t<div class=\"elementor-column elementor-col-100 elementor-top-column elementor-element elementor-element-24851d6\" data-id=\"24851d6\" data-element_type=\"column\" data-e-type=\"column\">\n\t\t\t<div class=\"elementor-widget-wrap elementor-element-populated\">\n\t\t\t\t\t\t<div class=\"elementor-element elementor-element-cf02e4a elementor-widget elementor-widget-heading\" data-id=\"cf02e4a\" data-element_type=\"widget\" data-e-type=\"widget\" data-widget_type=\"heading.default\">\n\t\t\t\t<div class=\"elementor-widget-container\">\n\t\t\t\t\t<h1 class=\"elementor-heading-title elementor-size-default\">Sednove tuotteet ja palvelut<\/h1>\t\t\t\t<\/div>\n\t\t\t\t<\/div>\n\t\t\t\t<div class=\"elementor-element elementor-element-68e5cef elementor-widget elementor-widget-heading\" data-id=\"68e5cef\" data-element_type=\"widget\" data-e-type=\"widget\" data-widget_type=\"heading.default\">\n\t\t\t\t<div class=\"elementor-widget-container\">\n\t\t\t\t\t<h2 class=\"elementor-heading-title elementor-size-default\">Sednove-ejektorikenno \u2013 energiatehokas sekoitusratkaisu<\/h2>\t\t\t\t<\/div>\n\t\t\t\t<\/div>\n\t\t\t\t<div class=\"elementor-element elementor-element-bcb4568 elementor-widget elementor-widget-heading\" data-id=\"bcb4568\" data-element_type=\"widget\" data-e-type=\"widget\" data-widget_type=\"heading.default\">\n\t\t\t\t<div class=\"elementor-widget-container\">\n\t\t\t\t\t<h3 class=\"elementor-heading-title elementor-size-default\">Ratkaisuja vihre\u00e4\u00e4n teknologiaan<\/h3>\t\t\t\t<\/div>\n\t\t\t\t<\/div>\n\t\t\t\t\t<\/div>\n\t\t<\/div>\n\t\t\t\t\t<\/div>\n\t\t<\/section>\n\t\t\t\t<section class=\"elementor-section elementor-top-section elementor-element elementor-element-1ca10b4 elementor-section-boxed elementor-section-height-default elementor-section-height-default\" data-id=\"1ca10b4\" data-element_type=\"section\" data-e-type=\"section\">\n\t\t\t\t\t\t<div class=\"elementor-container elementor-column-gap-default\">\n\t\t\t\t\t<div class=\"elementor-column elementor-col-100 elementor-top-column elementor-element elementor-element-47d8da6\" data-id=\"47d8da6\" data-element_type=\"column\" data-e-type=\"column\">\n\t\t\t<div class=\"elementor-widget-wrap elementor-element-populated\">\n\t\t\t\t\t\t<div class=\"elementor-element elementor-element-9984db8 elementor-widget elementor-widget-text-editor\" data-id=\"9984db8\" data-element_type=\"widget\" data-e-type=\"widget\" data-widget_type=\"text-editor.default\">\n\t\t\t\t<div class=\"elementor-widget-container\">\n\t\t\t\t\t\t\t\t\t<p><span style=\"font-weight: 400;\">Sednove Oy on teknisen alan palveluyritys, <\/span>joka tarjoaa fysikaalisen kemian ja automaatioalan tuotteita ja palveluja.<\/p><p>Sednove Oy:n kehitt\u00e4m\u00e4 ejektorikenno tekee pienikuplaisen kaasuseoksen nesteeseen poikkeuksellisen tehokkaalla aineensiirtokertoimella ja ilman lis\u00e4energiaa. Ratkaisu sopii moniin k\u00e4ytt\u00f6kohteisiin, kuten vesienk\u00e4sittelyyn, biotekniikkaan ja vesiviljelyyn.<\/p><p>Sednoven teollisuusautomaation palvelut laajentavat tarjottavien tuotteiden ja palveluiden kokonaisuutta. My\u00f6s automaatioalan ratkaisuja yritys on tehnyt yli 25 vuotta, esimerkiksi ydinpolttoaineen k\u00e4sittelyyn liittyvien j\u00e4rjestelmien toteutuksia.\u00a0<\/p><p><span style=\"font-weight: 400;\">Sednoven Vesivahti -kuluttajatuotteet\u00a0ovat olleet 2000-luvun alusta saakka erinomaisia ja innovatiivisia ratkaisuja putkien j\u00e4\u00e4tymisongelmiin sek\u00e4 kaivoveden ilmastukseen. Kaivoveden ilmastusratkaisu on siirtynyt 2016 alkaen <a href=\"http:\/\/www.akvasolina.fi\/\" target=\"_blank\" rel=\"noopener\">AkvaSolina<\/a> tuotenimen alle.<\/span><\/p><p>AkvaSolina ilmastusratkaisu on 2025 vaihtanut omistajaa. <a href=\"https:\/\/sednove.fi\/index.php\/2025\/05\/30\/luonnonmukainen-kaivoveden-ilmastusratkaisu-vaihtoi-omistajaa\/\">Lue lis\u00e4\u00e4 t\u00e4\u00e4ll\u00e4<\/a>.<\/p>\t\t\t\t\t\t\t\t<\/div>\n\t\t\t\t<\/div>\n\t\t\t\t\t<\/div>\n\t\t<\/div>\n\t\t\t\t\t<\/div>\n\t\t<\/section>\n\t\t\t\t<section class=\"elementor-section elementor-top-section elementor-element elementor-element-2ac8d06 elementor-section-boxed elementor-section-height-default elementor-section-height-default\" data-id=\"2ac8d06\" data-element_type=\"section\" data-e-type=\"section\">\n\t\t\t\t\t\t<div class=\"elementor-container elementor-column-gap-default\">\n\t\t\t\t\t<div class=\"elementor-column elementor-col-100 elementor-top-column elementor-element elementor-element-ea9cb85\" data-id=\"ea9cb85\" data-element_type=\"column\" data-e-type=\"column\">\n\t\t\t<div class=\"elementor-widget-wrap elementor-element-populated\">\n\t\t\t\t\t\t<div class=\"elementor-element elementor-element-cc8e2c1 elementor-widget elementor-widget-text-editor\" data-id=\"cc8e2c1\" data-element_type=\"widget\" data-e-type=\"widget\" data-widget_type=\"text-editor.default\">\n\t\t\t\t<div class=\"elementor-widget-container\">\n\t\t\t\t\t\t\t\t\t<h3>Kenelle<\/h3><p>Sednove Oy:n tuotteet ja palvelut soveltuvat teollisuuden ja eri palvelualojen tarpeisiin.<\/p><p>Yrityksen osaamista on k\u00e4yt\u00f6ss\u00e4 useilla toimialoilla:<\/p><ul><li>tutkimuslaitoksissa<\/li><li>energia-alan yrityksiss\u00e4<\/li><li>konealan yrityksiss\u00e4<\/li><li>s\u00e4hk\u00f6alan yrityksiss\u00e4 ja<\/li><li>LVI-alan yrityksiss\u00e4.<\/li><\/ul>\t\t\t\t\t\t\t\t<\/div>\n\t\t\t\t<\/div>\n\t\t\t\t\t<\/div>\n\t\t<\/div>\n\t\t\t\t\t<\/div>\n\t\t<\/section>\n\t\t\t\t<section class=\"elementor-section elementor-top-section elementor-element elementor-element-8148c1e elementor-section-boxed elementor-section-height-default elementor-section-height-default\" data-id=\"8148c1e\" data-element_type=\"section\" data-e-type=\"section\">\n\t\t\t\t\t\t<div class=\"elementor-container elementor-column-gap-default\">\n\t\t\t\t\t<div class=\"elementor-column elementor-col-100 elementor-top-column elementor-element elementor-element-8fc3d4d\" data-id=\"8fc3d4d\" data-element_type=\"column\" data-e-type=\"column\">\n\t\t\t<div class=\"elementor-widget-wrap elementor-element-populated\">\n\t\t\t\t\t\t<div class=\"elementor-element elementor-element-466e169 elementor-widget elementor-widget-text-editor\" data-id=\"466e169\" data-element_type=\"widget\" data-e-type=\"widget\" data-widget_type=\"text-editor.default\">\n\t\t\t\t<div class=\"elementor-widget-container\">\n\t\t\t\t\t\t\t\t\t<h2>Kuinka<\/h2><p>Sednoven osaaminen syn\u00adtyy ammattitaitoisista ja palveluhenkisist\u00e4 ihmisist\u00e4. Lis\u00e4ksi monipuolinen yhteisty\u00f6 innovatiivisten yritysten ja eri asian\u00adtunti\u00adjoi\u00adden kanssa laajenta\u00ada tarjottavien palveluiden kattavuutta.<\/p><p>Sednove on perustettu 1994. Sen joustavat ja vire\u00e4t toimintatavat mahdollistavat tehokkaan ja palvelevan yhteisty\u00f6n kilpailukykyisin kustannusrakentein.\u00a0<\/p><p><span style=\"font-weight: 400;\">Sednove tarkoittaa tapaa toimia uudella tavalla. <\/span><span style=\"font-weight: 400;\">&#8221;Non nova, sed nove&#8221; eli &#8221;ei uutta, mutta kuitenkin uutta&#8221;.<\/span><\/p>\t\t\t\t\t\t\t\t<\/div>\n\t\t\t\t<\/div>\n\t\t\t\t\t<\/div>\n\t\t<\/div>\n\t\t\t\t\t<\/div>\n\t\t<\/section>\n\t\t\t\t<section class=\"elementor-section elementor-top-section elementor-element elementor-element-51946ba elementor-section-content-middle elementor-section-full_width elementor-section-height-default elementor-section-height-default\" data-id=\"51946ba\" data-element_type=\"section\" data-e-type=\"section\" data-settings=\"{&quot;background_background&quot;:&quot;classic&quot;}\">\n\t\t\t\t\t\t<div class=\"elementor-container elementor-column-gap-default\">\n\t\t\t\t\t<div class=\"elementor-column elementor-col-100 elementor-top-column elementor-element elementor-element-bdf67f7\" data-id=\"bdf67f7\" data-element_type=\"column\" data-e-type=\"column\">\n\t\t\t<div class=\"elementor-widget-wrap elementor-element-populated\">\n\t\t\t\t\t\t<section class=\"elementor-section elementor-inner-section elementor-element elementor-element-05edc5d elementor-section-content-middle elementor-section-boxed elementor-section-height-default elementor-section-height-default\" data-id=\"05edc5d\" data-element_type=\"section\" data-e-type=\"section\">\n\t\t\t\t\t\t<div class=\"elementor-container elementor-column-gap-default\">\n\t\t\t\t\t<div class=\"elementor-column elementor-col-50 elementor-inner-column elementor-element elementor-element-8dd18a6\" data-id=\"8dd18a6\" data-element_type=\"column\" data-e-type=\"column\">\n\t\t\t<div class=\"elementor-widget-wrap elementor-element-populated\">\n\t\t\t\t\t\t<div class=\"elementor-element elementor-element-74ff448 elementor-widget__width-initial elementor-widget-tablet__width-initial elementor-widget elementor-widget-image\" data-id=\"74ff448\" data-element_type=\"widget\" data-e-type=\"widget\" data-widget_type=\"image.default\">\n\t\t\t\t<div class=\"elementor-widget-container\">\n\t\t\t\t\t\t\t\t\t\t\t\t\t\t\t<img fetchpriority=\"high\" decoding=\"async\" width=\"1080\" height=\"952\" src=\"https:\/\/sednove.fi\/wp-content\/uploads\/2024\/05\/STANDING_BLACK_1080x952.png\" class=\"attachment-full size-full wp-image-1480\" alt=\"suomen vahvimmat platina Sednove OY\" srcset=\"https:\/\/sednove.fi\/wp-content\/uploads\/2024\/05\/STANDING_BLACK_1080x952.png 1080w, https:\/\/sednove.fi\/wp-content\/uploads\/2024\/05\/STANDING_BLACK_1080x952-300x264.png 300w, https:\/\/sednove.fi\/wp-content\/uploads\/2024\/05\/STANDING_BLACK_1080x952-1024x903.png 1024w, https:\/\/sednove.fi\/wp-content\/uploads\/2024\/05\/STANDING_BLACK_1080x952-768x677.png 768w\" sizes=\"(max-width: 1080px) 100vw, 1080px\" \/>\t\t\t\t\t\t\t\t\t\t\t\t\t\t\t<\/div>\n\t\t\t\t<\/div>\n\t\t\t\t\t<\/div>\n\t\t<\/div>\n\t\t\t\t<div class=\"elementor-column elementor-col-50 elementor-inner-column elementor-element elementor-element-bdd3d06\" data-id=\"bdd3d06\" data-element_type=\"column\" data-e-type=\"column\">\n\t\t\t<div class=\"elementor-widget-wrap elementor-element-populated\">\n\t\t\t\t\t\t<div class=\"elementor-element elementor-element-5245a94 elementor-invisible elementor-widget elementor-widget-text-editor\" data-id=\"5245a94\" data-element_type=\"widget\" data-e-type=\"widget\" data-settings=\"{&quot;_animation&quot;:&quot;fadeInRight&quot;}\" data-widget_type=\"text-editor.default\">\n\t\t\t\t<div class=\"elementor-widget-container\">\n\t\t\t\t\t\t\t\t\t<p>Kotimaista osaamista alusta loppuun<\/p>\t\t\t\t\t\t\t\t<\/div>\n\t\t\t\t<\/div>\n\t\t\t\t\t<\/div>\n\t\t<\/div>\n\t\t\t\t\t<\/div>\n\t\t<\/section>\n\t\t\t\t\t<\/div>\n\t\t<\/div>\n\t\t\t\t\t<\/div>\n\t\t<\/section>\n\t\t\t\t<\/div>\n\t\t","protected":false},"excerpt":{"rendered":"<p>Sednove tuotteet ja palvelut Sednove-ejektorikenno \u2013 energiatehokas sekoitusratkaisu Ratkaisuja vihre\u00e4\u00e4n teknologiaan Sednove Oy on teknisen alan palveluyritys, joka tarjoaa fysikaalisen kemian ja automaatioalan tuotteita ja palveluja. Sednove Oy:n kehitt\u00e4m\u00e4 ejektorikenno tekee pienikuplaisen kaasuseoksen nesteeseen poikkeuksellisen tehokkaalla aineensiirtokertoimella ja ilman lis\u00e4energiaa. Ratkaisu sopii moniin k\u00e4ytt\u00f6kohteisiin, kuten vesienk\u00e4sittelyyn, biotekniikkaan ja vesiviljelyyn. Sednoven teollisuusautomaation palvelut laajentavat tarjottavien tuotteiden &#8230; <a title=\"Sednove tuotteet ja palvelut\" class=\"read-more\" href=\"https:\/\/sednove.fi\/\" aria-label=\"Lue lis\u00e4\u00e4 aiheesta Sednove tuotteet ja palvelut\">Lue lis\u00e4\u00e4<\/a><\/p>\n","protected":false},"author":1,"featured_media":0,"parent":0,"menu_order":0,"comment_status":"closed","ping_status":"closed","template":"","meta":{"footnotes":""},"class_list":["post-5","page","type-page","status-publish"],"yoast_head":"<!-- This site is optimized with the Yoast SEO plugin v27.5 - https:\/\/yoast.com\/product\/yoast-seo-wordpress\/ -->\n<title>Sednove tuotteet ja palvelut<\/title>\n<meta name=\"description\" content=\"Teknisen alan palveluyritys tarjoaa fysikaalisen kemian ja automaatioalan tuotteita ja palveluja, kuten kehitt\u00e4m\u00e4ns\u00e4 ejektorikennosto\" \/>\n<meta name=\"robots\" content=\"index, follow, max-snippet:-1, max-image-preview:large, max-video-preview:-1\" \/>\n<link rel=\"canonical\" href=\"https:\/\/sednove.fi\/\" \/>\n<meta property=\"og:locale\" content=\"fi_FI\" \/>\n<meta property=\"og:type\" content=\"article\" \/>\n<meta property=\"og:title\" content=\"Sednove tuotteet ja palvelut\" \/>\n<meta property=\"og:description\" content=\"Teknisen alan palveluyritys tarjoaa fysikaalisen kemian ja automaatioalan tuotteita ja palveluja, kuten kehitt\u00e4m\u00e4ns\u00e4 ejektorikennosto\" \/>\n<meta property=\"og:url\" content=\"https:\/\/sednove.fi\/\" \/>\n<meta property=\"og:site_name\" content=\"Sednove Oy\" \/>\n<meta property=\"article:modified_time\" content=\"2025-09-19T05:53:26+00:00\" \/>\n<meta property=\"og:image\" content=\"https:\/\/sednove.fi\/wp-content\/uploads\/2024\/05\/STANDING_BLACK_1080x952.png\" \/>\n<meta name=\"twitter:card\" content=\"summary_large_image\" \/>\n<meta name=\"twitter:label1\" content=\"Arvioitu lukuaika\" \/>\n\t<meta name=\"twitter:data1\" content=\"2 minuuttia\" \/>\n<script type=\"application\/ld+json\" class=\"yoast-schema-graph\">{\"@context\":\"https:\\\/\\\/schema.org\",\"@graph\":[{\"@type\":\"WebPage\",\"@id\":\"https:\\\/\\\/sednove.fi\\\/\",\"url\":\"https:\\\/\\\/sednove.fi\\\/\",\"name\":\"Sednove tuotteet ja palvelut\",\"isPartOf\":{\"@id\":\"https:\\\/\\\/sednove.fi\\\/#website\"},\"primaryImageOfPage\":{\"@id\":\"https:\\\/\\\/sednove.fi\\\/#primaryimage\"},\"image\":{\"@id\":\"https:\\\/\\\/sednove.fi\\\/#primaryimage\"},\"thumbnailUrl\":\"https:\\\/\\\/sednove.fi\\\/wp-content\\\/uploads\\\/2024\\\/05\\\/STANDING_BLACK_1080x952.png\",\"datePublished\":\"2025-09-05T11:00:27+00:00\",\"dateModified\":\"2025-09-19T05:53:26+00:00\",\"description\":\"Teknisen alan palveluyritys tarjoaa fysikaalisen kemian ja automaatioalan tuotteita ja palveluja, kuten kehitt\u00e4m\u00e4ns\u00e4 ejektorikennosto\",\"breadcrumb\":{\"@id\":\"https:\\\/\\\/sednove.fi\\\/#breadcrumb\"},\"inLanguage\":\"fi\",\"potentialAction\":[{\"@type\":\"ReadAction\",\"target\":[\"https:\\\/\\\/sednove.fi\\\/\"]}]},{\"@type\":\"ImageObject\",\"inLanguage\":\"fi\",\"@id\":\"https:\\\/\\\/sednove.fi\\\/#primaryimage\",\"url\":\"https:\\\/\\\/sednove.fi\\\/wp-content\\\/uploads\\\/2024\\\/05\\\/STANDING_BLACK_1080x952.png\",\"contentUrl\":\"https:\\\/\\\/sednove.fi\\\/wp-content\\\/uploads\\\/2024\\\/05\\\/STANDING_BLACK_1080x952.png\",\"width\":1080,\"height\":952,\"caption\":\"suomen vahvimmat platina Sednove OY\"},{\"@type\":\"BreadcrumbList\",\"@id\":\"https:\\\/\\\/sednove.fi\\\/#breadcrumb\",\"itemListElement\":[{\"@type\":\"ListItem\",\"position\":1,\"name\":\"Home\",\"item\":\"https:\\\/\\\/sednove.fi\\\/\"},{\"@type\":\"ListItem\",\"position\":2,\"name\":\"Sednove tuotteet ja palvelut\"}]},{\"@type\":\"WebSite\",\"@id\":\"https:\\\/\\\/sednove.fi\\\/#website\",\"url\":\"https:\\\/\\\/sednove.fi\\\/\",\"name\":\"Sednove Oy\",\"description\":\"Teknisen alan palvelut\",\"publisher\":{\"@id\":\"https:\\\/\\\/sednove.fi\\\/#organization\"},\"potentialAction\":[{\"@type\":\"SearchAction\",\"target\":{\"@type\":\"EntryPoint\",\"urlTemplate\":\"https:\\\/\\\/sednove.fi\\\/?s={search_term_string}\"},\"query-input\":{\"@type\":\"PropertyValueSpecification\",\"valueRequired\":true,\"valueName\":\"search_term_string\"}}],\"inLanguage\":\"fi\"},{\"@type\":\"Organization\",\"@id\":\"https:\\\/\\\/sednove.fi\\\/#organization\",\"name\":\"Sednove Oy\",\"url\":\"https:\\\/\\\/sednove.fi\\\/\",\"logo\":{\"@type\":\"ImageObject\",\"inLanguage\":\"fi\",\"@id\":\"https:\\\/\\\/sednove.fi\\\/#\\\/schema\\\/logo\\\/image\\\/\",\"url\":\"https:\\\/\\\/sednove.fi\\\/wp-content\\\/uploads\\\/2020\\\/03\\\/Sednove-1.png\",\"contentUrl\":\"https:\\\/\\\/sednove.fi\\\/wp-content\\\/uploads\\\/2020\\\/03\\\/Sednove-1.png\",\"width\":618,\"height\":439,\"caption\":\"Sednove Oy\"},\"image\":{\"@id\":\"https:\\\/\\\/sednove.fi\\\/#\\\/schema\\\/logo\\\/image\\\/\"}}]}<\/script>\n<!-- \/ Yoast SEO plugin. -->","yoast_head_json":{"title":"Sednove tuotteet ja palvelut","description":"Teknisen alan palveluyritys tarjoaa fysikaalisen kemian ja automaatioalan tuotteita ja palveluja, kuten kehitt\u00e4m\u00e4ns\u00e4 ejektorikennosto","robots":{"index":"index","follow":"follow","max-snippet":"max-snippet:-1","max-image-preview":"max-image-preview:large","max-video-preview":"max-video-preview:-1"},"canonical":"https:\/\/sednove.fi\/","og_locale":"fi_FI","og_type":"article","og_title":"Sednove tuotteet ja palvelut","og_description":"Teknisen alan palveluyritys tarjoaa fysikaalisen kemian ja automaatioalan tuotteita ja palveluja, kuten kehitt\u00e4m\u00e4ns\u00e4 ejektorikennosto","og_url":"https:\/\/sednove.fi\/","og_site_name":"Sednove Oy","article_modified_time":"2025-09-19T05:53:26+00:00","og_image":[{"url":"https:\/\/sednove.fi\/wp-content\/uploads\/2024\/05\/STANDING_BLACK_1080x952.png","type":"","width":"","height":""}],"twitter_card":"summary_large_image","twitter_misc":{"Arvioitu lukuaika":"2 minuuttia"},"schema":{"@context":"https:\/\/schema.org","@graph":[{"@type":"WebPage","@id":"https:\/\/sednove.fi\/","url":"https:\/\/sednove.fi\/","name":"Sednove tuotteet ja palvelut","isPartOf":{"@id":"https:\/\/sednove.fi\/#website"},"primaryImageOfPage":{"@id":"https:\/\/sednove.fi\/#primaryimage"},"image":{"@id":"https:\/\/sednove.fi\/#primaryimage"},"thumbnailUrl":"https:\/\/sednove.fi\/wp-content\/uploads\/2024\/05\/STANDING_BLACK_1080x952.png","datePublished":"2025-09-05T11:00:27+00:00","dateModified":"2025-09-19T05:53:26+00:00","description":"Teknisen alan palveluyritys tarjoaa fysikaalisen kemian ja automaatioalan tuotteita ja palveluja, kuten kehitt\u00e4m\u00e4ns\u00e4 ejektorikennosto","breadcrumb":{"@id":"https:\/\/sednove.fi\/#breadcrumb"},"inLanguage":"fi","potentialAction":[{"@type":"ReadAction","target":["https:\/\/sednove.fi\/"]}]},{"@type":"ImageObject","inLanguage":"fi","@id":"https:\/\/sednove.fi\/#primaryimage","url":"https:\/\/sednove.fi\/wp-content\/uploads\/2024\/05\/STANDING_BLACK_1080x952.png","contentUrl":"https:\/\/sednove.fi\/wp-content\/uploads\/2024\/05\/STANDING_BLACK_1080x952.png","width":1080,"height":952,"caption":"suomen vahvimmat platina Sednove OY"},{"@type":"BreadcrumbList","@id":"https:\/\/sednove.fi\/#breadcrumb","itemListElement":[{"@type":"ListItem","position":1,"name":"Home","item":"https:\/\/sednove.fi\/"},{"@type":"ListItem","position":2,"name":"Sednove tuotteet ja palvelut"}]},{"@type":"WebSite","@id":"https:\/\/sednove.fi\/#website","url":"https:\/\/sednove.fi\/","name":"Sednove Oy","description":"Teknisen alan palvelut","publisher":{"@id":"https:\/\/sednove.fi\/#organization"},"potentialAction":[{"@type":"SearchAction","target":{"@type":"EntryPoint","urlTemplate":"https:\/\/sednove.fi\/?s={search_term_string}"},"query-input":{"@type":"PropertyValueSpecification","valueRequired":true,"valueName":"search_term_string"}}],"inLanguage":"fi"},{"@type":"Organization","@id":"https:\/\/sednove.fi\/#organization","name":"Sednove Oy","url":"https:\/\/sednove.fi\/","logo":{"@type":"ImageObject","inLanguage":"fi","@id":"https:\/\/sednove.fi\/#\/schema\/logo\/image\/","url":"https:\/\/sednove.fi\/wp-content\/uploads\/2020\/03\/Sednove-1.png","contentUrl":"https:\/\/sednove.fi\/wp-content\/uploads\/2020\/03\/Sednove-1.png","width":618,"height":439,"caption":"Sednove Oy"},"image":{"@id":"https:\/\/sednove.fi\/#\/schema\/logo\/image\/"}}]}},"_links":{"self":[{"href":"https:\/\/sednove.fi\/index.php\/wp-json\/wp\/v2\/pages\/5","targetHints":{"allow":["GET"]}}],"collection":[{"href":"https:\/\/sednove.fi\/index.php\/wp-json\/wp\/v2\/pages"}],"about":[{"href":"https:\/\/sednove.fi\/index.php\/wp-json\/wp\/v2\/types\/page"}],"author":[{"embeddable":true,"href":"https:\/\/sednove.fi\/index.php\/wp-json\/wp\/v2\/users\/1"}],"replies":[{"embeddable":true,"href":"https:\/\/sednove.fi\/index.php\/wp-json\/wp\/v2\/comments?post=5"}],"version-history":[{"count":174,"href":"https:\/\/sednove.fi\/index.php\/wp-json\/wp\/v2\/pages\/5\/revisions"}],"predecessor-version":[{"id":1925,"href":"https:\/\/sednove.fi\/index.php\/wp-json\/wp\/v2\/pages\/5\/revisions\/1925"}],"wp:attachment":[{"href":"https:\/\/sednove.fi\/index.php\/wp-json\/wp\/v2\/media?parent=5"}],"curies":[{"name":"wp","href":"https:\/\/api.w.org\/{rel}","templated":true}]}}